{"id":40627,"date":"2020-07-10T16:01:18","date_gmt":"2020-07-10T09:01:18","guid":{"rendered":"https:\/\/ktdcgroup.vn\/lich-khai-giang\/"},"modified":"2024-12-14T16:53:02","modified_gmt":"2024-12-14T09:53:02","slug":"opening-schedule","status":"publish","type":"page","link":"https:\/\/ktdcgroup.vn\/en\/opening-schedule\/","title":{"rendered":"L\u1ecbch khai gi\u1ea3ng"},"content":{"rendered":"\n<p>Sau khi l\u00e0m b\u00e0i ki\u1ec3m tra x\u1ebfp l\u1edbp \u0111\u1ea7u v\u00e0o v\u00e0 \u0111\u01b0\u1ee3c t\u01b0 v\u1ea5n l\u1ef1a ch\u1ecdn kh\u00f3a h\u1ecdc ph\u00f9 h\u1ee3p v\u1edbi m\u00ecnh, b\u1ea1n h\u00e3y xem L\u1ecbch khai gi\u1ea3ng v\u00e0 ch\u1ecdn l\u1edbp v\u1edbi gi\u1edd h\u1ecdc v\u00e0 gi\u1ea3ng vi\u00ean y\u00eau th\u00edch \u0111\u1ec3 b\u1eaft \u0111\u1ea7u \u0111\u0103ng k\u00fd h\u1ecdc t\u1ea1i KTDC.<\/p>\n","protected":false},"excerpt":{"rendered":"<p>Sau khi l\u00e0m b\u00e0i ki\u1ec3m tra x\u1ebfp l\u1edbp \u0111\u1ea7u v\u00e0o v\u00e0 \u0111\u01b0\u1ee3c t\u01b0 v\u1ea5n l\u1ef1a ch\u1ecdn kh\u00f3a h\u1ecdc ph\u00f9 h\u1ee3p v\u1edbi m\u00ecnh, b\u1ea1n h\u00e3y xem L\u1ecbch khai gi\u1ea3ng v\u00e0 ch\u1ecdn l\u1edbp v\u1edbi gi\u1edd h\u1ecdc v\u00e0 gi\u1ea3ng vi\u00ean y\u00eau th\u00edch \u0111\u1ec3 b\u1eaft \u0111\u1ea7u \u0111\u0103ng k\u00fd h\u1ecdc t\u1ea1i KTDC.<\/p>\n","protected":false},"author":6,"featured_media":57764,"parent":0,"menu_order":0,"comment_status":"closed","ping_status":"closed","template":"page-template\/schedule.php","meta":{"_acf_changed":false,"footnotes":""},"class_list":["post-40627","page","type-page","status-publish","has-post-thumbnail","hentry"],"acf":[],"yoast_head":"<!-- This site is optimized with the Yoast SEO plugin v27.3 - https:\/\/yoast.com\/product\/yoast-seo-wordpress\/ -->\n<title>L\u1ecaCH KHAI GI\u1ea2NG L\u1edaP IELTS T\u1ea0I KTDC<\/title>\n<meta name=\"description\" content=\"C\u1eadp nh\u1eadt l\u1ecbch khai gi\u1ea3ng kh\u00f3a IELTS h\u00e0ng th\u00e1ng t\u1ea1i KTDC. C\u00e1c b\u1ea1n c\u00f3 th\u1ec3 l\u1ef1a ch\u1ecdn gi\u1edd h\u1ecdc, ng\u00e0y h\u1ecdc v\u00e0 gi\u1ea3ng vi\u00ean b\u1ea3n ng\u1eef ph\u1ee5 tr\u00e1ch l\u1edbp theo nhu c\u1ea7u.\" \/>\n<meta name=\"robots\" content=\"index, follow, max-snippet:-1, max-image-preview:large, max-video-preview:-1\" \/>\n<link rel=\"canonical\" href=\"https:\/\/ktdcgroup.vn\/en\/opening-schedule\/\" \/>\n<meta property=\"og:locale\" content=\"en_US\" \/>\n<meta property=\"og:type\" content=\"article\" \/>\n<meta property=\"og:title\" content=\"L\u1ecaCH KHAI GI\u1ea2NG L\u1edaP IELTS T\u1ea0I KTDC\" \/>\n<meta property=\"og:description\" content=\"C\u1eadp nh\u1eadt l\u1ecbch khai gi\u1ea3ng kh\u00f3a IELTS h\u00e0ng th\u00e1ng t\u1ea1i KTDC. C\u00e1c b\u1ea1n c\u00f3 th\u1ec3 l\u1ef1a ch\u1ecdn gi\u1edd h\u1ecdc, ng\u00e0y h\u1ecdc v\u00e0 gi\u1ea3ng vi\u00ean b\u1ea3n ng\u1eef ph\u1ee5 tr\u00e1ch l\u1edbp theo nhu c\u1ea7u.\" \/>\n<meta property=\"og:url\" content=\"https:\/\/ktdcgroup.vn\/en\/opening-schedule\/\" \/>\n<meta property=\"og:site_name\" content=\"Trung t\u00e2m KTDC IELTS\" \/>\n<meta property=\"article:publisher\" content=\"https:\/\/www.facebook.com\/KTDCIELTS\/\" \/>\n<meta property=\"article:modified_time\" content=\"2024-12-14T09:53:02+00:00\" \/>\n<meta property=\"og:image\" content=\"https:\/\/ktdcgroup.vn\/wp-content\/uploads\/2020\/09\/lich-khai-giang-cover-1.jpg\" \/>\n\t<meta property=\"og:image:width\" content=\"800\" \/>\n\t<meta property=\"og:image:height\" content=\"480\" \/>\n\t<meta property=\"og:image:type\" content=\"image\/jpeg\" \/>\n<meta name=\"twitter:card\" content=\"summary_large_image\" \/>\n<meta name=\"twitter:label1\" content=\"Est. reading time\" \/>\n\t<meta name=\"twitter:data1\" content=\"1 minute\" \/>\n<script type=\"application\/ld+json\" class=\"yoast-schema-graph\">{\"@context\":\"https:\\\/\\\/schema.org\",\"@graph\":[{\"@type\":\"WebPage\",\"@id\":\"https:\\\/\\\/ktdcgroup.vn\\\/en\\\/opening-schedule\\\/\",\"url\":\"https:\\\/\\\/ktdcgroup.vn\\\/en\\\/opening-schedule\\\/\",\"name\":\"L\u1ecaCH KHAI GI\u1ea2NG L\u1edaP IELTS T\u1ea0I KTDC\",\"isPartOf\":{\"@id\":\"https:\\\/\\\/ktdcgroup.vn\\\/#website\"},\"primaryImageOfPage\":{\"@id\":\"https:\\\/\\\/ktdcgroup.vn\\\/en\\\/opening-schedule\\\/#primaryimage\"},\"image\":{\"@id\":\"https:\\\/\\\/ktdcgroup.vn\\\/en\\\/opening-schedule\\\/#primaryimage\"},\"thumbnailUrl\":\"https:\\\/\\\/ktdcgroup.vn\\\/wp-content\\\/uploads\\\/2025\\\/10\\\/lich-khai-giang.jpg\",\"datePublished\":\"2020-07-10T09:01:18+00:00\",\"dateModified\":\"2024-12-14T09:53:02+00:00\",\"description\":\"C\u1eadp nh\u1eadt l\u1ecbch khai gi\u1ea3ng kh\u00f3a IELTS h\u00e0ng th\u00e1ng t\u1ea1i KTDC. C\u00e1c b\u1ea1n c\u00f3 th\u1ec3 l\u1ef1a ch\u1ecdn gi\u1edd h\u1ecdc, ng\u00e0y h\u1ecdc v\u00e0 gi\u1ea3ng vi\u00ean b\u1ea3n ng\u1eef ph\u1ee5 tr\u00e1ch l\u1edbp theo nhu c\u1ea7u.\",\"inLanguage\":\"en-US\",\"potentialAction\":[{\"@type\":\"ReadAction\",\"target\":[\"https:\\\/\\\/ktdcgroup.vn\\\/en\\\/opening-schedule\\\/\"]}]},{\"@type\":\"ImageObject\",\"inLanguage\":\"en-US\",\"@id\":\"https:\\\/\\\/ktdcgroup.vn\\\/en\\\/opening-schedule\\\/#primaryimage\",\"url\":\"https:\\\/\\\/ktdcgroup.vn\\\/wp-content\\\/uploads\\\/2025\\\/10\\\/lich-khai-giang.jpg\",\"contentUrl\":\"https:\\\/\\\/ktdcgroup.vn\\\/wp-content\\\/uploads\\\/2025\\\/10\\\/lich-khai-giang.jpg\",\"width\":800,\"height\":500},{\"@type\":\"WebSite\",\"@id\":\"https:\\\/\\\/ktdcgroup.vn\\\/#website\",\"url\":\"https:\\\/\\\/ktdcgroup.vn\\\/\",\"name\":\"Trung t\u00e2m KTDC IELTS\",\"description\":\"H\u1ecdc IELTS c\u00f9ng chuy\u00ean gia IELTS \u0111\u1ea7u ng\u00e0nh\",\"publisher\":{\"@id\":\"https:\\\/\\\/ktdcgroup.vn\\\/#organization\"},\"alternateName\":\"KTDC IELTS\",\"potentialAction\":[{\"@type\":\"SearchAction\",\"target\":{\"@type\":\"EntryPoint\",\"urlTemplate\":\"https:\\\/\\\/ktdcgroup.vn\\\/?s={search_term_string}\"},\"query-input\":{\"@type\":\"PropertyValueSpecification\",\"valueRequired\":true,\"valueName\":\"search_term_string\"}}],\"inLanguage\":\"en-US\"},{\"@type\":\"Organization\",\"@id\":\"https:\\\/\\\/ktdcgroup.vn\\\/#organization\",\"name\":\"Trung t\u00e2m KTDC IELTS\",\"alternateName\":\"KTDC IELTS\",\"url\":\"https:\\\/\\\/ktdcgroup.vn\\\/\",\"logo\":{\"@type\":\"ImageObject\",\"inLanguage\":\"en-US\",\"@id\":\"https:\\\/\\\/ktdcgroup.vn\\\/#\\\/schema\\\/logo\\\/image\\\/\",\"url\":\"https:\\\/\\\/ktdcgroup.vn\\\/wp-content\\\/uploads\\\/2025\\\/02\\\/logo-KTDC-IELTS.jpg\",\"contentUrl\":\"https:\\\/\\\/ktdcgroup.vn\\\/wp-content\\\/uploads\\\/2025\\\/02\\\/logo-KTDC-IELTS.jpg\",\"width\":1200,\"height\":1200,\"caption\":\"Trung t\u00e2m KTDC IELTS\"},\"image\":{\"@id\":\"https:\\\/\\\/ktdcgroup.vn\\\/#\\\/schema\\\/logo\\\/image\\\/\"},\"sameAs\":[\"https:\\\/\\\/www.facebook.com\\\/KTDCIELTS\\\/\",\"https:\\\/\\\/www.instagram.com\\\/ktdcgroup\\\/\",\"https:\\\/\\\/www.youtube.com\\\/c\\\/Ktdcgroupielts\\\/\"]}]}<\/script>\n<!-- \/ Yoast SEO plugin. -->","yoast_head_json":{"title":"L\u1ecaCH KHAI GI\u1ea2NG L\u1edaP IELTS T\u1ea0I KTDC","description":"C\u1eadp nh\u1eadt l\u1ecbch khai gi\u1ea3ng kh\u00f3a IELTS h\u00e0ng th\u00e1ng t\u1ea1i KTDC. C\u00e1c b\u1ea1n c\u00f3 th\u1ec3 l\u1ef1a ch\u1ecdn gi\u1edd h\u1ecdc, ng\u00e0y h\u1ecdc v\u00e0 gi\u1ea3ng vi\u00ean b\u1ea3n ng\u1eef ph\u1ee5 tr\u00e1ch l\u1edbp theo nhu c\u1ea7u.","robots":{"index":"index","follow":"follow","max-snippet":"max-snippet:-1","max-image-preview":"max-image-preview:large","max-video-preview":"max-video-preview:-1"},"canonical":"https:\/\/ktdcgroup.vn\/en\/opening-schedule\/","og_locale":"en_US","og_type":"article","og_title":"L\u1ecaCH KHAI GI\u1ea2NG L\u1edaP IELTS T\u1ea0I KTDC","og_description":"C\u1eadp nh\u1eadt l\u1ecbch khai gi\u1ea3ng kh\u00f3a IELTS h\u00e0ng th\u00e1ng t\u1ea1i KTDC. C\u00e1c b\u1ea1n c\u00f3 th\u1ec3 l\u1ef1a ch\u1ecdn gi\u1edd h\u1ecdc, ng\u00e0y h\u1ecdc v\u00e0 gi\u1ea3ng vi\u00ean b\u1ea3n ng\u1eef ph\u1ee5 tr\u00e1ch l\u1edbp theo nhu c\u1ea7u.","og_url":"https:\/\/ktdcgroup.vn\/en\/opening-schedule\/","og_site_name":"Trung t\u00e2m KTDC IELTS","article_publisher":"https:\/\/www.facebook.com\/KTDCIELTS\/","article_modified_time":"2024-12-14T09:53:02+00:00","og_image":[{"width":800,"height":480,"url":"https:\/\/ktdcgroup.vn\/wp-content\/uploads\/2020\/09\/lich-khai-giang-cover-1.jpg","type":"image\/jpeg"}],"twitter_card":"summary_large_image","twitter_misc":{"Est. reading time":"1 minute"},"schema":{"@context":"https:\/\/schema.org","@graph":[{"@type":"WebPage","@id":"https:\/\/ktdcgroup.vn\/en\/opening-schedule\/","url":"https:\/\/ktdcgroup.vn\/en\/opening-schedule\/","name":"L\u1ecaCH KHAI GI\u1ea2NG L\u1edaP IELTS T\u1ea0I KTDC","isPartOf":{"@id":"https:\/\/ktdcgroup.vn\/#website"},"primaryImageOfPage":{"@id":"https:\/\/ktdcgroup.vn\/en\/opening-schedule\/#primaryimage"},"image":{"@id":"https:\/\/ktdcgroup.vn\/en\/opening-schedule\/#primaryimage"},"thumbnailUrl":"https:\/\/ktdcgroup.vn\/wp-content\/uploads\/2025\/10\/lich-khai-giang.jpg","datePublished":"2020-07-10T09:01:18+00:00","dateModified":"2024-12-14T09:53:02+00:00","description":"C\u1eadp nh\u1eadt l\u1ecbch khai gi\u1ea3ng kh\u00f3a IELTS h\u00e0ng th\u00e1ng t\u1ea1i KTDC. C\u00e1c b\u1ea1n c\u00f3 th\u1ec3 l\u1ef1a ch\u1ecdn gi\u1edd h\u1ecdc, ng\u00e0y h\u1ecdc v\u00e0 gi\u1ea3ng vi\u00ean b\u1ea3n ng\u1eef ph\u1ee5 tr\u00e1ch l\u1edbp theo nhu c\u1ea7u.","inLanguage":"en-US","potentialAction":[{"@type":"ReadAction","target":["https:\/\/ktdcgroup.vn\/en\/opening-schedule\/"]}]},{"@type":"ImageObject","inLanguage":"en-US","@id":"https:\/\/ktdcgroup.vn\/en\/opening-schedule\/#primaryimage","url":"https:\/\/ktdcgroup.vn\/wp-content\/uploads\/2025\/10\/lich-khai-giang.jpg","contentUrl":"https:\/\/ktdcgroup.vn\/wp-content\/uploads\/2025\/10\/lich-khai-giang.jpg","width":800,"height":500},{"@type":"WebSite","@id":"https:\/\/ktdcgroup.vn\/#website","url":"https:\/\/ktdcgroup.vn\/","name":"Trung t\u00e2m KTDC IELTS","description":"H\u1ecdc IELTS c\u00f9ng chuy\u00ean gia IELTS \u0111\u1ea7u ng\u00e0nh","publisher":{"@id":"https:\/\/ktdcgroup.vn\/#organization"},"alternateName":"KTDC IELTS","potentialAction":[{"@type":"SearchAction","target":{"@type":"EntryPoint","urlTemplate":"https:\/\/ktdcgroup.vn\/?s={search_term_string}"},"query-input":{"@type":"PropertyValueSpecification","valueRequired":true,"valueName":"search_term_string"}}],"inLanguage":"en-US"},{"@type":"Organization","@id":"https:\/\/ktdcgroup.vn\/#organization","name":"Trung t\u00e2m KTDC IELTS","alternateName":"KTDC IELTS","url":"https:\/\/ktdcgroup.vn\/","logo":{"@type":"ImageObject","inLanguage":"en-US","@id":"https:\/\/ktdcgroup.vn\/#\/schema\/logo\/image\/","url":"https:\/\/ktdcgroup.vn\/wp-content\/uploads\/2025\/02\/logo-KTDC-IELTS.jpg","contentUrl":"https:\/\/ktdcgroup.vn\/wp-content\/uploads\/2025\/02\/logo-KTDC-IELTS.jpg","width":1200,"height":1200,"caption":"Trung t\u00e2m KTDC IELTS"},"image":{"@id":"https:\/\/ktdcgroup.vn\/#\/schema\/logo\/image\/"},"sameAs":["https:\/\/www.facebook.com\/KTDCIELTS\/","https:\/\/www.instagram.com\/ktdcgroup\/","https:\/\/www.youtube.com\/c\/Ktdcgroupielts\/"]}]}},"_links":{"self":[{"href":"https:\/\/ktdcgroup.vn\/en\/wp-json\/wp\/v2\/pages\/40627","targetHints":{"allow":["GET"]}}],"collection":[{"href":"https:\/\/ktdcgroup.vn\/en\/wp-json\/wp\/v2\/pages"}],"about":[{"href":"https:\/\/ktdcgroup.vn\/en\/wp-json\/wp\/v2\/types\/page"}],"author":[{"embeddable":true,"href":"https:\/\/ktdcgroup.vn\/en\/wp-json\/wp\/v2\/users\/6"}],"replies":[{"embeddable":true,"href":"https:\/\/ktdcgroup.vn\/en\/wp-json\/wp\/v2\/comments?post=40627"}],"version-history":[{"count":2,"href":"https:\/\/ktdcgroup.vn\/en\/wp-json\/wp\/v2\/pages\/40627\/revisions"}],"predecessor-version":[{"id":40629,"href":"https:\/\/ktdcgroup.vn\/en\/wp-json\/wp\/v2\/pages\/40627\/revisions\/40629"}],"wp:featuredmedia":[{"embeddable":true,"href":"https:\/\/ktdcgroup.vn\/en\/wp-json\/wp\/v2\/media\/57764"}],"wp:attachment":[{"href":"https:\/\/ktdcgroup.vn\/en\/wp-json\/wp\/v2\/media?parent=40627"}],"curies":[{"name":"wp","href":"https:\/\/api.w.org\/{rel}","templated":true}]}}