{"id":40614,"date":"2020-07-15T11:45:56","date_gmt":"2020-07-15T04:45:56","guid":{"rendered":"https:\/\/ktdcgroup.vn\/cau-hoi-thuong-gap\/"},"modified":"2024-12-14T16:25:24","modified_gmt":"2024-12-14T09:25:24","slug":"frequently-asked-questions","status":"publish","type":"page","link":"https:\/\/ktdcgroup.vn\/en\/frequently-asked-questions\/","title":{"rendered":"FAQ"},"content":{"rendered":"","protected":false},"excerpt":{"rendered":"","protected":false},"author":6,"featured_media":25718,"parent":0,"menu_order":0,"comment_status":"closed","ping_status":"closed","template":"page-template\/faq.php","meta":{"_acf_changed":false,"footnotes":""},"class_list":["post-40614","page","type-page","status-publish","has-post-thumbnail","hentry"],"acf":[],"yoast_head":"<!-- This site is optimized with the Yoast SEO plugin v27.3 - https:\/\/yoast.com\/product\/yoast-seo-wordpress\/ -->\n<title>FAQ - Trung t\u00e2m KTDC IELTS<\/title>\n<meta name=\"description\" content=\"T\u1ed5ng h\u1ee3p t\u1ea5t c\u1ea3 nh\u1eefng c\u00e2u h\u1ecfi th\u01b0\u1eddng g\u1eb7p m\u00e0 c\u00e1c b\u1ea1n h\u1ecdc vi\u00ean th\u1eafc m\u1eafc v\u1ec1 ch\u01b0\u01a1ng tr\u00ecnh h\u1ecdc, c\u00e1c \u0111\u0103ng k\u00fd kh\u00f3a v\u00e0 gi\u1ea3ng vi\u00ean t\u1ea1i KTDC\" \/>\n<meta name=\"robots\" content=\"index, follow, max-snippet:-1, max-image-preview:large, max-video-preview:-1\" \/>\n<link rel=\"canonical\" href=\"https:\/\/ktdcgroup.vn\/en\/frequently-asked-questions\/\" \/>\n<meta property=\"og:locale\" content=\"en_US\" \/>\n<meta property=\"og:type\" content=\"article\" \/>\n<meta property=\"og:title\" content=\"FAQ - Trung t\u00e2m KTDC IELTS\" \/>\n<meta property=\"og:description\" content=\"T\u1ed5ng h\u1ee3p t\u1ea5t c\u1ea3 nh\u1eefng c\u00e2u h\u1ecfi th\u01b0\u1eddng g\u1eb7p m\u00e0 c\u00e1c b\u1ea1n h\u1ecdc vi\u00ean th\u1eafc m\u1eafc v\u1ec1 ch\u01b0\u01a1ng tr\u00ecnh h\u1ecdc, c\u00e1c \u0111\u0103ng k\u00fd kh\u00f3a v\u00e0 gi\u1ea3ng vi\u00ean t\u1ea1i KTDC\" \/>\n<meta property=\"og:url\" content=\"https:\/\/ktdcgroup.vn\/en\/frequently-asked-questions\/\" \/>\n<meta property=\"og:site_name\" content=\"Trung t\u00e2m KTDC IELTS\" \/>\n<meta property=\"article:publisher\" content=\"https:\/\/www.facebook.com\/KTDCIELTS\/\" \/>\n<meta property=\"article:modified_time\" content=\"2024-12-14T09:25:24+00:00\" \/>\n<meta property=\"og:image\" content=\"https:\/\/ktdcgroup.vn\/wp-content\/uploads\/2020\/09\/cau-hoi-thuong-gap.jpg\" \/>\n\t<meta property=\"og:image:width\" content=\"800\" \/>\n\t<meta property=\"og:image:height\" content=\"489\" \/>\n\t<meta property=\"og:image:type\" content=\"image\/jpeg\" \/>\n<meta name=\"twitter:card\" content=\"summary_large_image\" \/>\n<meta name=\"twitter:label1\" content=\"Est. reading time\" \/>\n\t<meta name=\"twitter:data1\" content=\"1 minute\" \/>\n<script type=\"application\/ld+json\" class=\"yoast-schema-graph\">{\"@context\":\"https:\\\/\\\/schema.org\",\"@graph\":[{\"@type\":\"WebPage\",\"@id\":\"https:\\\/\\\/ktdcgroup.vn\\\/en\\\/frequently-asked-questions\\\/\",\"url\":\"https:\\\/\\\/ktdcgroup.vn\\\/en\\\/frequently-asked-questions\\\/\",\"name\":\"FAQ - Trung t\u00e2m KTDC IELTS\",\"isPartOf\":{\"@id\":\"https:\\\/\\\/ktdcgroup.vn\\\/#website\"},\"primaryImageOfPage\":{\"@id\":\"https:\\\/\\\/ktdcgroup.vn\\\/en\\\/frequently-asked-questions\\\/#primaryimage\"},\"image\":{\"@id\":\"https:\\\/\\\/ktdcgroup.vn\\\/en\\\/frequently-asked-questions\\\/#primaryimage\"},\"thumbnailUrl\":\"https:\\\/\\\/ktdcgroup.vn\\\/wp-content\\\/uploads\\\/2020\\\/09\\\/cau-hoi-thuong-gap.jpg\",\"datePublished\":\"2020-07-15T04:45:56+00:00\",\"dateModified\":\"2024-12-14T09:25:24+00:00\",\"description\":\"T\u1ed5ng h\u1ee3p t\u1ea5t c\u1ea3 nh\u1eefng c\u00e2u h\u1ecfi th\u01b0\u1eddng g\u1eb7p m\u00e0 c\u00e1c b\u1ea1n h\u1ecdc vi\u00ean th\u1eafc m\u1eafc v\u1ec1 ch\u01b0\u01a1ng tr\u00ecnh h\u1ecdc, c\u00e1c \u0111\u0103ng k\u00fd kh\u00f3a v\u00e0 gi\u1ea3ng vi\u00ean t\u1ea1i KTDC\",\"inLanguage\":\"en-US\",\"potentialAction\":[{\"@type\":\"ReadAction\",\"target\":[\"https:\\\/\\\/ktdcgroup.vn\\\/en\\\/frequently-asked-questions\\\/\"]}]},{\"@type\":\"ImageObject\",\"inLanguage\":\"en-US\",\"@id\":\"https:\\\/\\\/ktdcgroup.vn\\\/en\\\/frequently-asked-questions\\\/#primaryimage\",\"url\":\"https:\\\/\\\/ktdcgroup.vn\\\/wp-content\\\/uploads\\\/2020\\\/09\\\/cau-hoi-thuong-gap.jpg\",\"contentUrl\":\"https:\\\/\\\/ktdcgroup.vn\\\/wp-content\\\/uploads\\\/2020\\\/09\\\/cau-hoi-thuong-gap.jpg\",\"width\":800,\"height\":489},{\"@type\":\"WebSite\",\"@id\":\"https:\\\/\\\/ktdcgroup.vn\\\/#website\",\"url\":\"https:\\\/\\\/ktdcgroup.vn\\\/\",\"name\":\"Trung t\u00e2m KTDC IELTS\",\"description\":\"H\u1ecdc IELTS c\u00f9ng chuy\u00ean gia IELTS \u0111\u1ea7u ng\u00e0nh\",\"publisher\":{\"@id\":\"https:\\\/\\\/ktdcgroup.vn\\\/#organization\"},\"alternateName\":\"KTDC IELTS\",\"potentialAction\":[{\"@type\":\"SearchAction\",\"target\":{\"@type\":\"EntryPoint\",\"urlTemplate\":\"https:\\\/\\\/ktdcgroup.vn\\\/?s={search_term_string}\"},\"query-input\":{\"@type\":\"PropertyValueSpecification\",\"valueRequired\":true,\"valueName\":\"search_term_string\"}}],\"inLanguage\":\"en-US\"},{\"@type\":\"Organization\",\"@id\":\"https:\\\/\\\/ktdcgroup.vn\\\/#organization\",\"name\":\"Trung t\u00e2m KTDC IELTS\",\"alternateName\":\"KTDC IELTS\",\"url\":\"https:\\\/\\\/ktdcgroup.vn\\\/\",\"logo\":{\"@type\":\"ImageObject\",\"inLanguage\":\"en-US\",\"@id\":\"https:\\\/\\\/ktdcgroup.vn\\\/#\\\/schema\\\/logo\\\/image\\\/\",\"url\":\"https:\\\/\\\/ktdcgroup.vn\\\/wp-content\\\/uploads\\\/2025\\\/02\\\/logo-KTDC-IELTS.jpg\",\"contentUrl\":\"https:\\\/\\\/ktdcgroup.vn\\\/wp-content\\\/uploads\\\/2025\\\/02\\\/logo-KTDC-IELTS.jpg\",\"width\":1200,\"height\":1200,\"caption\":\"Trung t\u00e2m KTDC IELTS\"},\"image\":{\"@id\":\"https:\\\/\\\/ktdcgroup.vn\\\/#\\\/schema\\\/logo\\\/image\\\/\"},\"sameAs\":[\"https:\\\/\\\/www.facebook.com\\\/KTDCIELTS\\\/\",\"https:\\\/\\\/www.instagram.com\\\/ktdcgroup\\\/\",\"https:\\\/\\\/www.youtube.com\\\/c\\\/Ktdcgroupielts\\\/\"]}]}<\/script>\n<!-- \/ Yoast SEO plugin. -->","yoast_head_json":{"title":"FAQ - Trung t\u00e2m KTDC IELTS","description":"T\u1ed5ng h\u1ee3p t\u1ea5t c\u1ea3 nh\u1eefng c\u00e2u h\u1ecfi th\u01b0\u1eddng g\u1eb7p m\u00e0 c\u00e1c b\u1ea1n h\u1ecdc vi\u00ean th\u1eafc m\u1eafc v\u1ec1 ch\u01b0\u01a1ng tr\u00ecnh h\u1ecdc, c\u00e1c \u0111\u0103ng k\u00fd kh\u00f3a v\u00e0 gi\u1ea3ng vi\u00ean t\u1ea1i KTDC","robots":{"index":"index","follow":"follow","max-snippet":"max-snippet:-1","max-image-preview":"max-image-preview:large","max-video-preview":"max-video-preview:-1"},"canonical":"https:\/\/ktdcgroup.vn\/en\/frequently-asked-questions\/","og_locale":"en_US","og_type":"article","og_title":"FAQ - Trung t\u00e2m KTDC IELTS","og_description":"T\u1ed5ng h\u1ee3p t\u1ea5t c\u1ea3 nh\u1eefng c\u00e2u h\u1ecfi th\u01b0\u1eddng g\u1eb7p m\u00e0 c\u00e1c b\u1ea1n h\u1ecdc vi\u00ean th\u1eafc m\u1eafc v\u1ec1 ch\u01b0\u01a1ng tr\u00ecnh h\u1ecdc, c\u00e1c \u0111\u0103ng k\u00fd kh\u00f3a v\u00e0 gi\u1ea3ng vi\u00ean t\u1ea1i KTDC","og_url":"https:\/\/ktdcgroup.vn\/en\/frequently-asked-questions\/","og_site_name":"Trung t\u00e2m KTDC IELTS","article_publisher":"https:\/\/www.facebook.com\/KTDCIELTS\/","article_modified_time":"2024-12-14T09:25:24+00:00","og_image":[{"width":800,"height":489,"url":"https:\/\/ktdcgroup.vn\/wp-content\/uploads\/2020\/09\/cau-hoi-thuong-gap.jpg","type":"image\/jpeg"}],"twitter_card":"summary_large_image","twitter_misc":{"Est. reading time":"1 minute"},"schema":{"@context":"https:\/\/schema.org","@graph":[{"@type":"WebPage","@id":"https:\/\/ktdcgroup.vn\/en\/frequently-asked-questions\/","url":"https:\/\/ktdcgroup.vn\/en\/frequently-asked-questions\/","name":"FAQ - Trung t\u00e2m KTDC IELTS","isPartOf":{"@id":"https:\/\/ktdcgroup.vn\/#website"},"primaryImageOfPage":{"@id":"https:\/\/ktdcgroup.vn\/en\/frequently-asked-questions\/#primaryimage"},"image":{"@id":"https:\/\/ktdcgroup.vn\/en\/frequently-asked-questions\/#primaryimage"},"thumbnailUrl":"https:\/\/ktdcgroup.vn\/wp-content\/uploads\/2020\/09\/cau-hoi-thuong-gap.jpg","datePublished":"2020-07-15T04:45:56+00:00","dateModified":"2024-12-14T09:25:24+00:00","description":"T\u1ed5ng h\u1ee3p t\u1ea5t c\u1ea3 nh\u1eefng c\u00e2u h\u1ecfi th\u01b0\u1eddng g\u1eb7p m\u00e0 c\u00e1c b\u1ea1n h\u1ecdc vi\u00ean th\u1eafc m\u1eafc v\u1ec1 ch\u01b0\u01a1ng tr\u00ecnh h\u1ecdc, c\u00e1c \u0111\u0103ng k\u00fd kh\u00f3a v\u00e0 gi\u1ea3ng vi\u00ean t\u1ea1i KTDC","inLanguage":"en-US","potentialAction":[{"@type":"ReadAction","target":["https:\/\/ktdcgroup.vn\/en\/frequently-asked-questions\/"]}]},{"@type":"ImageObject","inLanguage":"en-US","@id":"https:\/\/ktdcgroup.vn\/en\/frequently-asked-questions\/#primaryimage","url":"https:\/\/ktdcgroup.vn\/wp-content\/uploads\/2020\/09\/cau-hoi-thuong-gap.jpg","contentUrl":"https:\/\/ktdcgroup.vn\/wp-content\/uploads\/2020\/09\/cau-hoi-thuong-gap.jpg","width":800,"height":489},{"@type":"WebSite","@id":"https:\/\/ktdcgroup.vn\/#website","url":"https:\/\/ktdcgroup.vn\/","name":"Trung t\u00e2m KTDC IELTS","description":"H\u1ecdc IELTS c\u00f9ng chuy\u00ean gia IELTS \u0111\u1ea7u ng\u00e0nh","publisher":{"@id":"https:\/\/ktdcgroup.vn\/#organization"},"alternateName":"KTDC IELTS","potentialAction":[{"@type":"SearchAction","target":{"@type":"EntryPoint","urlTemplate":"https:\/\/ktdcgroup.vn\/?s={search_term_string}"},"query-input":{"@type":"PropertyValueSpecification","valueRequired":true,"valueName":"search_term_string"}}],"inLanguage":"en-US"},{"@type":"Organization","@id":"https:\/\/ktdcgroup.vn\/#organization","name":"Trung t\u00e2m KTDC IELTS","alternateName":"KTDC IELTS","url":"https:\/\/ktdcgroup.vn\/","logo":{"@type":"ImageObject","inLanguage":"en-US","@id":"https:\/\/ktdcgroup.vn\/#\/schema\/logo\/image\/","url":"https:\/\/ktdcgroup.vn\/wp-content\/uploads\/2025\/02\/logo-KTDC-IELTS.jpg","contentUrl":"https:\/\/ktdcgroup.vn\/wp-content\/uploads\/2025\/02\/logo-KTDC-IELTS.jpg","width":1200,"height":1200,"caption":"Trung t\u00e2m KTDC IELTS"},"image":{"@id":"https:\/\/ktdcgroup.vn\/#\/schema\/logo\/image\/"},"sameAs":["https:\/\/www.facebook.com\/KTDCIELTS\/","https:\/\/www.instagram.com\/ktdcgroup\/","https:\/\/www.youtube.com\/c\/Ktdcgroupielts\/"]}]}},"_links":{"self":[{"href":"https:\/\/ktdcgroup.vn\/en\/wp-json\/wp\/v2\/pages\/40614","targetHints":{"allow":["GET"]}}],"collection":[{"href":"https:\/\/ktdcgroup.vn\/en\/wp-json\/wp\/v2\/pages"}],"about":[{"href":"https:\/\/ktdcgroup.vn\/en\/wp-json\/wp\/v2\/types\/page"}],"author":[{"embeddable":true,"href":"https:\/\/ktdcgroup.vn\/en\/wp-json\/wp\/v2\/users\/6"}],"replies":[{"embeddable":true,"href":"https:\/\/ktdcgroup.vn\/en\/wp-json\/wp\/v2\/comments?post=40614"}],"version-history":[{"count":3,"href":"https:\/\/ktdcgroup.vn\/en\/wp-json\/wp\/v2\/pages\/40614\/revisions"}],"predecessor-version":[{"id":40618,"href":"https:\/\/ktdcgroup.vn\/en\/wp-json\/wp\/v2\/pages\/40614\/revisions\/40618"}],"wp:featuredmedia":[{"embeddable":true,"href":"https:\/\/ktdcgroup.vn\/en\/wp-json\/wp\/v2\/media\/25718"}],"wp:attachment":[{"href":"https:\/\/ktdcgroup.vn\/en\/wp-json\/wp\/v2\/media?parent=40614"}],"curies":[{"name":"wp","href":"https:\/\/api.w.org\/{rel}","templated":true}]}}