{"id":23427,"date":"2020-07-09T17:31:33","date_gmt":"2020-07-09T10:31:33","guid":{"rendered":"https:\/\/ktdcgroup.vn\/lien-he\/"},"modified":"2024-12-16T22:51:44","modified_gmt":"2024-12-16T15:51:44","slug":"contact","status":"publish","type":"page","link":"https:\/\/ktdcgroup.vn\/en\/contact\/","title":{"rendered":"Contact"},"content":{"rendered":"","protected":false},"excerpt":{"rendered":"","protected":false},"author":6,"featured_media":25728,"parent":0,"menu_order":0,"comment_status":"closed","ping_status":"closed","template":"page-template\/contact.php","meta":{"_acf_changed":false,"footnotes":""},"class_list":["post-23427","page","type-page","status-publish","has-post-thumbnail","hentry"],"acf":[],"yoast_head":"<!-- This site is optimized with the Yoast SEO plugin v27.3 - https:\/\/yoast.com\/product\/yoast-seo-wordpress\/ -->\n<title>LI\u00caN H\u1ec6 TRUNG T\u00c2M KTDC IELTS<\/title>\n<meta name=\"description\" content=\"Li\u00ean h\u1ec7 Trung t\u00e2m KTDC IELTS \u0111\u1ec3 \u0111\u01b0\u1ee3c t\u01b0 v\u1ea5n l\u1ed9 tr\u00ecnh h\u1ecdc IELTS ph\u00f9 h\u1ee3p d\u00e0nh cho b\u1ea1n. G\u1ecdi ngay hotline: (028) 7309 6990\" \/>\n<meta name=\"robots\" content=\"index, follow, max-snippet:-1, max-image-preview:large, max-video-preview:-1\" \/>\n<link rel=\"canonical\" href=\"https:\/\/ktdcgroup.vn\/en\/contact\/\" \/>\n<meta property=\"og:locale\" content=\"en_US\" \/>\n<meta property=\"og:type\" content=\"article\" \/>\n<meta property=\"og:title\" content=\"LI\u00caN H\u1ec6 TRUNG T\u00c2M KTDC IELTS\" \/>\n<meta property=\"og:description\" content=\"Li\u00ean h\u1ec7 Trung t\u00e2m KTDC IELTS \u0111\u1ec3 \u0111\u01b0\u1ee3c t\u01b0 v\u1ea5n l\u1ed9 tr\u00ecnh h\u1ecdc IELTS ph\u00f9 h\u1ee3p d\u00e0nh cho b\u1ea1n. G\u1ecdi ngay hotline: (028) 7309 6990\" \/>\n<meta property=\"og:url\" content=\"https:\/\/ktdcgroup.vn\/en\/contact\/\" \/>\n<meta property=\"og:site_name\" content=\"Trung t\u00e2m KTDC IELTS\" \/>\n<meta property=\"article:publisher\" content=\"https:\/\/www.facebook.com\/KTDCIELTS\/\" \/>\n<meta property=\"article:modified_time\" content=\"2024-12-16T15:51:44+00:00\" \/>\n<meta property=\"og:image\" content=\"https:\/\/ktdcgroup.vn\/wp-content\/uploads\/2020\/09\/Office.jpg\" \/>\n\t<meta property=\"og:image:width\" content=\"800\" \/>\n\t<meta property=\"og:image:height\" content=\"449\" \/>\n\t<meta property=\"og:image:type\" content=\"image\/jpeg\" \/>\n<meta name=\"twitter:card\" content=\"summary_large_image\" \/>\n<meta name=\"twitter:label1\" content=\"Est. reading time\" \/>\n\t<meta name=\"twitter:data1\" content=\"1 minute\" \/>\n<script type=\"application\/ld+json\" class=\"yoast-schema-graph\">{\"@context\":\"https:\\\/\\\/schema.org\",\"@graph\":[{\"@type\":\"WebPage\",\"@id\":\"https:\\\/\\\/ktdcgroup.vn\\\/en\\\/contact\\\/\",\"url\":\"https:\\\/\\\/ktdcgroup.vn\\\/en\\\/contact\\\/\",\"name\":\"LI\u00caN H\u1ec6 TRUNG T\u00c2M KTDC IELTS\",\"isPartOf\":{\"@id\":\"https:\\\/\\\/ktdcgroup.vn\\\/#website\"},\"primaryImageOfPage\":{\"@id\":\"https:\\\/\\\/ktdcgroup.vn\\\/en\\\/contact\\\/#primaryimage\"},\"image\":{\"@id\":\"https:\\\/\\\/ktdcgroup.vn\\\/en\\\/contact\\\/#primaryimage\"},\"thumbnailUrl\":\"https:\\\/\\\/ktdcgroup.vn\\\/wp-content\\\/uploads\\\/2020\\\/09\\\/Office.jpg\",\"datePublished\":\"2020-07-09T10:31:33+00:00\",\"dateModified\":\"2024-12-16T15:51:44+00:00\",\"description\":\"Li\u00ean h\u1ec7 Trung t\u00e2m KTDC IELTS \u0111\u1ec3 \u0111\u01b0\u1ee3c t\u01b0 v\u1ea5n l\u1ed9 tr\u00ecnh h\u1ecdc IELTS ph\u00f9 h\u1ee3p d\u00e0nh cho b\u1ea1n. G\u1ecdi ngay hotline: (028) 7309 6990\",\"inLanguage\":\"en-US\",\"potentialAction\":[{\"@type\":\"ReadAction\",\"target\":[\"https:\\\/\\\/ktdcgroup.vn\\\/en\\\/contact\\\/\"]}]},{\"@type\":\"ImageObject\",\"inLanguage\":\"en-US\",\"@id\":\"https:\\\/\\\/ktdcgroup.vn\\\/en\\\/contact\\\/#primaryimage\",\"url\":\"https:\\\/\\\/ktdcgroup.vn\\\/wp-content\\\/uploads\\\/2020\\\/09\\\/Office.jpg\",\"contentUrl\":\"https:\\\/\\\/ktdcgroup.vn\\\/wp-content\\\/uploads\\\/2020\\\/09\\\/Office.jpg\",\"width\":800,\"height\":449},{\"@type\":\"WebSite\",\"@id\":\"https:\\\/\\\/ktdcgroup.vn\\\/#website\",\"url\":\"https:\\\/\\\/ktdcgroup.vn\\\/\",\"name\":\"Trung t\u00e2m KTDC IELTS\",\"description\":\"H\u1ecdc IELTS c\u00f9ng chuy\u00ean gia IELTS \u0111\u1ea7u ng\u00e0nh\",\"publisher\":{\"@id\":\"https:\\\/\\\/ktdcgroup.vn\\\/#organization\"},\"alternateName\":\"KTDC IELTS\",\"potentialAction\":[{\"@type\":\"SearchAction\",\"target\":{\"@type\":\"EntryPoint\",\"urlTemplate\":\"https:\\\/\\\/ktdcgroup.vn\\\/?s={search_term_string}\"},\"query-input\":{\"@type\":\"PropertyValueSpecification\",\"valueRequired\":true,\"valueName\":\"search_term_string\"}}],\"inLanguage\":\"en-US\"},{\"@type\":\"Organization\",\"@id\":\"https:\\\/\\\/ktdcgroup.vn\\\/#organization\",\"name\":\"Trung t\u00e2m KTDC IELTS\",\"alternateName\":\"KTDC IELTS\",\"url\":\"https:\\\/\\\/ktdcgroup.vn\\\/\",\"logo\":{\"@type\":\"ImageObject\",\"inLanguage\":\"en-US\",\"@id\":\"https:\\\/\\\/ktdcgroup.vn\\\/#\\\/schema\\\/logo\\\/image\\\/\",\"url\":\"https:\\\/\\\/ktdcgroup.vn\\\/wp-content\\\/uploads\\\/2025\\\/02\\\/logo-KTDC-IELTS.jpg\",\"contentUrl\":\"https:\\\/\\\/ktdcgroup.vn\\\/wp-content\\\/uploads\\\/2025\\\/02\\\/logo-KTDC-IELTS.jpg\",\"width\":1200,\"height\":1200,\"caption\":\"Trung t\u00e2m KTDC IELTS\"},\"image\":{\"@id\":\"https:\\\/\\\/ktdcgroup.vn\\\/#\\\/schema\\\/logo\\\/image\\\/\"},\"sameAs\":[\"https:\\\/\\\/www.facebook.com\\\/KTDCIELTS\\\/\",\"https:\\\/\\\/www.instagram.com\\\/ktdcgroup\\\/\",\"https:\\\/\\\/www.youtube.com\\\/c\\\/Ktdcgroupielts\\\/\"]}]}<\/script>\n<!-- \/ Yoast SEO plugin. -->","yoast_head_json":{"title":"LI\u00caN H\u1ec6 TRUNG T\u00c2M KTDC IELTS","description":"Li\u00ean h\u1ec7 Trung t\u00e2m KTDC IELTS \u0111\u1ec3 \u0111\u01b0\u1ee3c t\u01b0 v\u1ea5n l\u1ed9 tr\u00ecnh h\u1ecdc IELTS ph\u00f9 h\u1ee3p d\u00e0nh cho b\u1ea1n. G\u1ecdi ngay hotline: (028) 7309 6990","robots":{"index":"index","follow":"follow","max-snippet":"max-snippet:-1","max-image-preview":"max-image-preview:large","max-video-preview":"max-video-preview:-1"},"canonical":"https:\/\/ktdcgroup.vn\/en\/contact\/","og_locale":"en_US","og_type":"article","og_title":"LI\u00caN H\u1ec6 TRUNG T\u00c2M KTDC IELTS","og_description":"Li\u00ean h\u1ec7 Trung t\u00e2m KTDC IELTS \u0111\u1ec3 \u0111\u01b0\u1ee3c t\u01b0 v\u1ea5n l\u1ed9 tr\u00ecnh h\u1ecdc IELTS ph\u00f9 h\u1ee3p d\u00e0nh cho b\u1ea1n. G\u1ecdi ngay hotline: (028) 7309 6990","og_url":"https:\/\/ktdcgroup.vn\/en\/contact\/","og_site_name":"Trung t\u00e2m KTDC IELTS","article_publisher":"https:\/\/www.facebook.com\/KTDCIELTS\/","article_modified_time":"2024-12-16T15:51:44+00:00","og_image":[{"width":800,"height":449,"url":"https:\/\/ktdcgroup.vn\/wp-content\/uploads\/2020\/09\/Office.jpg","type":"image\/jpeg"}],"twitter_card":"summary_large_image","twitter_misc":{"Est. reading time":"1 minute"},"schema":{"@context":"https:\/\/schema.org","@graph":[{"@type":"WebPage","@id":"https:\/\/ktdcgroup.vn\/en\/contact\/","url":"https:\/\/ktdcgroup.vn\/en\/contact\/","name":"LI\u00caN H\u1ec6 TRUNG T\u00c2M KTDC IELTS","isPartOf":{"@id":"https:\/\/ktdcgroup.vn\/#website"},"primaryImageOfPage":{"@id":"https:\/\/ktdcgroup.vn\/en\/contact\/#primaryimage"},"image":{"@id":"https:\/\/ktdcgroup.vn\/en\/contact\/#primaryimage"},"thumbnailUrl":"https:\/\/ktdcgroup.vn\/wp-content\/uploads\/2020\/09\/Office.jpg","datePublished":"2020-07-09T10:31:33+00:00","dateModified":"2024-12-16T15:51:44+00:00","description":"Li\u00ean h\u1ec7 Trung t\u00e2m KTDC IELTS \u0111\u1ec3 \u0111\u01b0\u1ee3c t\u01b0 v\u1ea5n l\u1ed9 tr\u00ecnh h\u1ecdc IELTS ph\u00f9 h\u1ee3p d\u00e0nh cho b\u1ea1n. G\u1ecdi ngay hotline: (028) 7309 6990","inLanguage":"en-US","potentialAction":[{"@type":"ReadAction","target":["https:\/\/ktdcgroup.vn\/en\/contact\/"]}]},{"@type":"ImageObject","inLanguage":"en-US","@id":"https:\/\/ktdcgroup.vn\/en\/contact\/#primaryimage","url":"https:\/\/ktdcgroup.vn\/wp-content\/uploads\/2020\/09\/Office.jpg","contentUrl":"https:\/\/ktdcgroup.vn\/wp-content\/uploads\/2020\/09\/Office.jpg","width":800,"height":449},{"@type":"WebSite","@id":"https:\/\/ktdcgroup.vn\/#website","url":"https:\/\/ktdcgroup.vn\/","name":"Trung t\u00e2m KTDC IELTS","description":"H\u1ecdc IELTS c\u00f9ng chuy\u00ean gia IELTS \u0111\u1ea7u ng\u00e0nh","publisher":{"@id":"https:\/\/ktdcgroup.vn\/#organization"},"alternateName":"KTDC IELTS","potentialAction":[{"@type":"SearchAction","target":{"@type":"EntryPoint","urlTemplate":"https:\/\/ktdcgroup.vn\/?s={search_term_string}"},"query-input":{"@type":"PropertyValueSpecification","valueRequired":true,"valueName":"search_term_string"}}],"inLanguage":"en-US"},{"@type":"Organization","@id":"https:\/\/ktdcgroup.vn\/#organization","name":"Trung t\u00e2m KTDC IELTS","alternateName":"KTDC IELTS","url":"https:\/\/ktdcgroup.vn\/","logo":{"@type":"ImageObject","inLanguage":"en-US","@id":"https:\/\/ktdcgroup.vn\/#\/schema\/logo\/image\/","url":"https:\/\/ktdcgroup.vn\/wp-content\/uploads\/2025\/02\/logo-KTDC-IELTS.jpg","contentUrl":"https:\/\/ktdcgroup.vn\/wp-content\/uploads\/2025\/02\/logo-KTDC-IELTS.jpg","width":1200,"height":1200,"caption":"Trung t\u00e2m KTDC IELTS"},"image":{"@id":"https:\/\/ktdcgroup.vn\/#\/schema\/logo\/image\/"},"sameAs":["https:\/\/www.facebook.com\/KTDCIELTS\/","https:\/\/www.instagram.com\/ktdcgroup\/","https:\/\/www.youtube.com\/c\/Ktdcgroupielts\/"]}]}},"_links":{"self":[{"href":"https:\/\/ktdcgroup.vn\/en\/wp-json\/wp\/v2\/pages\/23427","targetHints":{"allow":["GET"]}}],"collection":[{"href":"https:\/\/ktdcgroup.vn\/en\/wp-json\/wp\/v2\/pages"}],"about":[{"href":"https:\/\/ktdcgroup.vn\/en\/wp-json\/wp\/v2\/types\/page"}],"author":[{"embeddable":true,"href":"https:\/\/ktdcgroup.vn\/en\/wp-json\/wp\/v2\/users\/6"}],"replies":[{"embeddable":true,"href":"https:\/\/ktdcgroup.vn\/en\/wp-json\/wp\/v2\/comments?post=23427"}],"version-history":[{"count":15,"href":"https:\/\/ktdcgroup.vn\/en\/wp-json\/wp\/v2\/pages\/23427\/revisions"}],"predecessor-version":[{"id":40700,"href":"https:\/\/ktdcgroup.vn\/en\/wp-json\/wp\/v2\/pages\/23427\/revisions\/40700"}],"wp:featuredmedia":[{"embeddable":true,"href":"https:\/\/ktdcgroup.vn\/en\/wp-json\/wp\/v2\/media\/25728"}],"wp:attachment":[{"href":"https:\/\/ktdcgroup.vn\/en\/wp-json\/wp\/v2\/media?parent=23427"}],"curies":[{"name":"wp","href":"https:\/\/api.w.org\/{rel}","templated":true}]}}