{"id":23426,"date":"2020-07-10T13:18:26","date_gmt":"2020-07-10T06:18:26","guid":{"rendered":"https:\/\/ktdcgroup.vn\/ve-ktdc\/"},"modified":"2025-01-17T21:11:31","modified_gmt":"2025-01-17T14:11:31","slug":"about-ktdc","status":"publish","type":"page","link":"https:\/\/ktdcgroup.vn\/en\/about-ktdc\/","title":{"rendered":"Gi\u1edbi thi\u1ec7u Trung t\u00e2m KTDC IELTS"},"content":{"rendered":"\n<p style=\"text-align: justify;\">1KTDC IELTS l\u00e0 t\u1ed5 ch\u1ee9c gi\u00e1o d\u1ee5c \u0111\u01b0\u1ee3c th\u00e0nh l\u1eadp t\u1eeb n\u0103m 2009, chuy\u00ean t\u1eadp trung trong l\u0129nh v\u1ef1c \u0111\u00e0o t\u1ea1o IELTS. Su\u1ed1t nh\u1eefng n\u0103m qua, KTDC t\u1ef1 h\u00e0o \u0111em \u0111\u1ebfn ngu\u1ed3n ki\u1ebfn th\u1ee9c IELTS chu\u1ea9n Cambridge do c\u00e1c chuy\u00ean gia b\u1ea3n ng\u1eef h\u00e0ng \u0111\u1ea7u \u0111\u00e0o t\u1ea1o. L\u1ea5y ph\u01b0\u01a1ng ch\u00e2m xem kh\u00e1ch h\u00e0ng l\u00e0m trung t\u00e2m, KTDC lu\u00f4n \u01b0u ti\u00ean \u0111\u1eb7t tr\u1ea3i nghi\u1ec7m v\u00e0 s\u1ef1 h\u00e0i l\u00f2ng c\u1ee7a kh\u00e1ch h\u00e0ng l\u00e0m kim ch\u1ec9 nam cho m\u1ecdi ho\u1ea1t \u0111\u1ed9ng t\u1eeb gi\u1ea3ng d\u1ea1y cho \u0111\u1ebfn ch\u0103m s\u00f3c h\u1ecdc vi\u00ean. V\u1edbi tinh th\u1ea7n ph\u1ee5c v\u1ee5 t\u1eadn t\u00e2m v\u00e0 chuy\u00ean nghi\u1ec7p, KTDC hy v\u1ecdng \u0111em \u0111\u1ebfn cho h\u1ecdc vi\u00ean m\u00f4i tr\u01b0\u1eddng r\u00e8n luy\u1ec7n v\u0103n minh, l\u00e0nh m\u1ea1nh nh\u1ea5t \u0111\u1ec3 khai ph\u00e1 ti\u1ec1m n\u0103ng.\u00a0<\/p>\n\n\n\n<p><\/p>\n","protected":false},"excerpt":{"rendered":"<p>1KTDC IELTS l\u00e0 t\u1ed5 ch\u1ee9c gi\u00e1o d\u1ee5c \u0111\u01b0\u1ee3c th\u00e0nh l\u1eadp t\u1eeb n\u0103m 2009, chuy\u00ean t\u1eadp trung trong l\u0129nh v\u1ef1c \u0111\u00e0o t\u1ea1o IELTS. Su\u1ed1t nh\u1eefng n\u0103m qua, KTDC t\u1ef1 h\u00e0o \u0111em \u0111\u1ebfn ngu\u1ed3n ki\u1ebfn th\u1ee9c IELTS chu\u1ea9n Cambridge do c\u00e1c chuy\u00ean gia b\u1ea3n ng\u1eef h\u00e0ng \u0111\u1ea7u \u0111\u00e0o t\u1ea1o. L\u1ea5y ph\u01b0\u01a1ng ch\u00e2m xem kh\u00e1ch h\u00e0ng l\u00e0m trung [&hellip;]<\/p>\n","protected":false},"author":6,"featured_media":25689,"parent":0,"menu_order":0,"comment_status":"closed","ping_status":"closed","template":"page-template\/about.php","meta":{"_acf_changed":false,"footnotes":""},"class_list":["post-23426","page","type-page","status-publish","has-post-thumbnail","hentry"],"acf":[],"yoast_head":"<!-- This site is optimized with the Yoast SEO plugin v27.3 - https:\/\/yoast.com\/product\/yoast-seo-wordpress\/ -->\n<title>GI\u1edaI THI\u1ec6U TRUNG T\u00c2M KTDC IELTS<\/title>\n<meta name=\"description\" content=\"KTDC IELTS \u0111\u1eb7t t\u1ea7m nh\u00ecn tr\u1edf th\u00e0nh m\u1ed9t trong nh\u1eefng \u0111\u01a1n v\u1ecb \u0111\u00e0o t\u1ea1o IELTS h\u00e0ng \u0111\u1ea7u, truy\u1ec1n c\u1ea3m h\u1ee9ng cho vi\u1ec7c h\u1ecdc t\u1eadp v\u00e0 gi\u1ea3ng d\u1ea1y IELTS cho ng\u01b0\u1eddi Vi\u1ec7t Nam.\" \/>\n<meta name=\"robots\" content=\"index, follow, max-snippet:-1, max-image-preview:large, max-video-preview:-1\" \/>\n<link rel=\"canonical\" href=\"https:\/\/ktdcgroup.vn\/en\/about-ktdc\/\" \/>\n<meta property=\"og:locale\" content=\"en_US\" \/>\n<meta property=\"og:type\" content=\"article\" \/>\n<meta property=\"og:title\" content=\"GI\u1edaI THI\u1ec6U TRUNG T\u00c2M KTDC IELTS\" \/>\n<meta property=\"og:description\" content=\"KTDC IELTS \u0111\u1eb7t t\u1ea7m nh\u00ecn tr\u1edf th\u00e0nh m\u1ed9t trong nh\u1eefng \u0111\u01a1n v\u1ecb \u0111\u00e0o t\u1ea1o IELTS h\u00e0ng \u0111\u1ea7u, truy\u1ec1n c\u1ea3m h\u1ee9ng cho vi\u1ec7c h\u1ecdc t\u1eadp v\u00e0 gi\u1ea3ng d\u1ea1y IELTS cho ng\u01b0\u1eddi Vi\u1ec7t Nam.\" \/>\n<meta property=\"og:url\" content=\"https:\/\/ktdcgroup.vn\/en\/about-ktdc\/\" \/>\n<meta property=\"og:site_name\" content=\"Trung t\u00e2m KTDC IELTS\" \/>\n<meta property=\"article:publisher\" content=\"https:\/\/www.facebook.com\/KTDCIELTS\/\" \/>\n<meta property=\"article:modified_time\" content=\"2025-01-17T14:11:31+00:00\" \/>\n<meta property=\"og:image\" content=\"https:\/\/ktdcgroup.vn\/wp-content\/uploads\/2020\/09\/Hinh-CS.jpg\" \/>\n\t<meta property=\"og:image:width\" content=\"800\" \/>\n\t<meta property=\"og:image:height\" content=\"488\" \/>\n\t<meta property=\"og:image:type\" content=\"image\/jpeg\" \/>\n<meta name=\"twitter:card\" content=\"summary_large_image\" \/>\n<meta name=\"twitter:label1\" content=\"Est. reading time\" \/>\n\t<meta name=\"twitter:data1\" content=\"1 minute\" \/>\n<script type=\"application\/ld+json\" class=\"yoast-schema-graph\">{\"@context\":\"https:\\\/\\\/schema.org\",\"@graph\":[{\"@type\":\"WebPage\",\"@id\":\"https:\\\/\\\/ktdcgroup.vn\\\/en\\\/about-ktdc\\\/\",\"url\":\"https:\\\/\\\/ktdcgroup.vn\\\/en\\\/about-ktdc\\\/\",\"name\":\"GI\u1edaI THI\u1ec6U TRUNG T\u00c2M KTDC IELTS\",\"isPartOf\":{\"@id\":\"https:\\\/\\\/ktdcgroup.vn\\\/#website\"},\"primaryImageOfPage\":{\"@id\":\"https:\\\/\\\/ktdcgroup.vn\\\/en\\\/about-ktdc\\\/#primaryimage\"},\"image\":{\"@id\":\"https:\\\/\\\/ktdcgroup.vn\\\/en\\\/about-ktdc\\\/#primaryimage\"},\"thumbnailUrl\":\"https:\\\/\\\/ktdcgroup.vn\\\/wp-content\\\/uploads\\\/2020\\\/09\\\/Hinh-CS.jpg\",\"datePublished\":\"2020-07-10T06:18:26+00:00\",\"dateModified\":\"2025-01-17T14:11:31+00:00\",\"description\":\"KTDC IELTS \u0111\u1eb7t t\u1ea7m nh\u00ecn tr\u1edf th\u00e0nh m\u1ed9t trong nh\u1eefng \u0111\u01a1n v\u1ecb \u0111\u00e0o t\u1ea1o IELTS h\u00e0ng \u0111\u1ea7u, truy\u1ec1n c\u1ea3m h\u1ee9ng cho vi\u1ec7c h\u1ecdc t\u1eadp v\u00e0 gi\u1ea3ng d\u1ea1y IELTS cho ng\u01b0\u1eddi Vi\u1ec7t Nam.\",\"inLanguage\":\"en-US\",\"potentialAction\":[{\"@type\":\"ReadAction\",\"target\":[\"https:\\\/\\\/ktdcgroup.vn\\\/en\\\/about-ktdc\\\/\"]}]},{\"@type\":\"ImageObject\",\"inLanguage\":\"en-US\",\"@id\":\"https:\\\/\\\/ktdcgroup.vn\\\/en\\\/about-ktdc\\\/#primaryimage\",\"url\":\"https:\\\/\\\/ktdcgroup.vn\\\/wp-content\\\/uploads\\\/2020\\\/09\\\/Hinh-CS.jpg\",\"contentUrl\":\"https:\\\/\\\/ktdcgroup.vn\\\/wp-content\\\/uploads\\\/2020\\\/09\\\/Hinh-CS.jpg\",\"width\":800,\"height\":488},{\"@type\":\"WebSite\",\"@id\":\"https:\\\/\\\/ktdcgroup.vn\\\/#website\",\"url\":\"https:\\\/\\\/ktdcgroup.vn\\\/\",\"name\":\"Trung t\u00e2m KTDC IELTS\",\"description\":\"H\u1ecdc IELTS c\u00f9ng chuy\u00ean gia IELTS \u0111\u1ea7u ng\u00e0nh\",\"publisher\":{\"@id\":\"https:\\\/\\\/ktdcgroup.vn\\\/#organization\"},\"alternateName\":\"KTDC IELTS\",\"potentialAction\":[{\"@type\":\"SearchAction\",\"target\":{\"@type\":\"EntryPoint\",\"urlTemplate\":\"https:\\\/\\\/ktdcgroup.vn\\\/?s={search_term_string}\"},\"query-input\":{\"@type\":\"PropertyValueSpecification\",\"valueRequired\":true,\"valueName\":\"search_term_string\"}}],\"inLanguage\":\"en-US\"},{\"@type\":\"Organization\",\"@id\":\"https:\\\/\\\/ktdcgroup.vn\\\/#organization\",\"name\":\"Trung t\u00e2m KTDC IELTS\",\"alternateName\":\"KTDC IELTS\",\"url\":\"https:\\\/\\\/ktdcgroup.vn\\\/\",\"logo\":{\"@type\":\"ImageObject\",\"inLanguage\":\"en-US\",\"@id\":\"https:\\\/\\\/ktdcgroup.vn\\\/#\\\/schema\\\/logo\\\/image\\\/\",\"url\":\"https:\\\/\\\/ktdcgroup.vn\\\/wp-content\\\/uploads\\\/2025\\\/02\\\/logo-KTDC-IELTS.jpg\",\"contentUrl\":\"https:\\\/\\\/ktdcgroup.vn\\\/wp-content\\\/uploads\\\/2025\\\/02\\\/logo-KTDC-IELTS.jpg\",\"width\":1200,\"height\":1200,\"caption\":\"Trung t\u00e2m KTDC IELTS\"},\"image\":{\"@id\":\"https:\\\/\\\/ktdcgroup.vn\\\/#\\\/schema\\\/logo\\\/image\\\/\"},\"sameAs\":[\"https:\\\/\\\/www.facebook.com\\\/KTDCIELTS\\\/\",\"https:\\\/\\\/www.instagram.com\\\/ktdcgroup\\\/\",\"https:\\\/\\\/www.youtube.com\\\/c\\\/Ktdcgroupielts\\\/\"]}]}<\/script>\n<!-- \/ Yoast SEO plugin. -->","yoast_head_json":{"title":"GI\u1edaI THI\u1ec6U TRUNG T\u00c2M KTDC IELTS","description":"KTDC IELTS \u0111\u1eb7t t\u1ea7m nh\u00ecn tr\u1edf th\u00e0nh m\u1ed9t trong nh\u1eefng \u0111\u01a1n v\u1ecb \u0111\u00e0o t\u1ea1o IELTS h\u00e0ng \u0111\u1ea7u, truy\u1ec1n c\u1ea3m h\u1ee9ng cho vi\u1ec7c h\u1ecdc t\u1eadp v\u00e0 gi\u1ea3ng d\u1ea1y IELTS cho ng\u01b0\u1eddi Vi\u1ec7t Nam.","robots":{"index":"index","follow":"follow","max-snippet":"max-snippet:-1","max-image-preview":"max-image-preview:large","max-video-preview":"max-video-preview:-1"},"canonical":"https:\/\/ktdcgroup.vn\/en\/about-ktdc\/","og_locale":"en_US","og_type":"article","og_title":"GI\u1edaI THI\u1ec6U TRUNG T\u00c2M KTDC IELTS","og_description":"KTDC IELTS \u0111\u1eb7t t\u1ea7m nh\u00ecn tr\u1edf th\u00e0nh m\u1ed9t trong nh\u1eefng \u0111\u01a1n v\u1ecb \u0111\u00e0o t\u1ea1o IELTS h\u00e0ng \u0111\u1ea7u, truy\u1ec1n c\u1ea3m h\u1ee9ng cho vi\u1ec7c h\u1ecdc t\u1eadp v\u00e0 gi\u1ea3ng d\u1ea1y IELTS cho ng\u01b0\u1eddi Vi\u1ec7t Nam.","og_url":"https:\/\/ktdcgroup.vn\/en\/about-ktdc\/","og_site_name":"Trung t\u00e2m KTDC IELTS","article_publisher":"https:\/\/www.facebook.com\/KTDCIELTS\/","article_modified_time":"2025-01-17T14:11:31+00:00","og_image":[{"width":800,"height":488,"url":"https:\/\/ktdcgroup.vn\/wp-content\/uploads\/2020\/09\/Hinh-CS.jpg","type":"image\/jpeg"}],"twitter_card":"summary_large_image","twitter_misc":{"Est. reading time":"1 minute"},"schema":{"@context":"https:\/\/schema.org","@graph":[{"@type":"WebPage","@id":"https:\/\/ktdcgroup.vn\/en\/about-ktdc\/","url":"https:\/\/ktdcgroup.vn\/en\/about-ktdc\/","name":"GI\u1edaI THI\u1ec6U TRUNG T\u00c2M KTDC IELTS","isPartOf":{"@id":"https:\/\/ktdcgroup.vn\/#website"},"primaryImageOfPage":{"@id":"https:\/\/ktdcgroup.vn\/en\/about-ktdc\/#primaryimage"},"image":{"@id":"https:\/\/ktdcgroup.vn\/en\/about-ktdc\/#primaryimage"},"thumbnailUrl":"https:\/\/ktdcgroup.vn\/wp-content\/uploads\/2020\/09\/Hinh-CS.jpg","datePublished":"2020-07-10T06:18:26+00:00","dateModified":"2025-01-17T14:11:31+00:00","description":"KTDC IELTS \u0111\u1eb7t t\u1ea7m nh\u00ecn tr\u1edf th\u00e0nh m\u1ed9t trong nh\u1eefng \u0111\u01a1n v\u1ecb \u0111\u00e0o t\u1ea1o IELTS h\u00e0ng \u0111\u1ea7u, truy\u1ec1n c\u1ea3m h\u1ee9ng cho vi\u1ec7c h\u1ecdc t\u1eadp v\u00e0 gi\u1ea3ng d\u1ea1y IELTS cho ng\u01b0\u1eddi Vi\u1ec7t Nam.","inLanguage":"en-US","potentialAction":[{"@type":"ReadAction","target":["https:\/\/ktdcgroup.vn\/en\/about-ktdc\/"]}]},{"@type":"ImageObject","inLanguage":"en-US","@id":"https:\/\/ktdcgroup.vn\/en\/about-ktdc\/#primaryimage","url":"https:\/\/ktdcgroup.vn\/wp-content\/uploads\/2020\/09\/Hinh-CS.jpg","contentUrl":"https:\/\/ktdcgroup.vn\/wp-content\/uploads\/2020\/09\/Hinh-CS.jpg","width":800,"height":488},{"@type":"WebSite","@id":"https:\/\/ktdcgroup.vn\/#website","url":"https:\/\/ktdcgroup.vn\/","name":"Trung t\u00e2m KTDC IELTS","description":"H\u1ecdc IELTS c\u00f9ng chuy\u00ean gia IELTS \u0111\u1ea7u ng\u00e0nh","publisher":{"@id":"https:\/\/ktdcgroup.vn\/#organization"},"alternateName":"KTDC IELTS","potentialAction":[{"@type":"SearchAction","target":{"@type":"EntryPoint","urlTemplate":"https:\/\/ktdcgroup.vn\/?s={search_term_string}"},"query-input":{"@type":"PropertyValueSpecification","valueRequired":true,"valueName":"search_term_string"}}],"inLanguage":"en-US"},{"@type":"Organization","@id":"https:\/\/ktdcgroup.vn\/#organization","name":"Trung t\u00e2m KTDC IELTS","alternateName":"KTDC IELTS","url":"https:\/\/ktdcgroup.vn\/","logo":{"@type":"ImageObject","inLanguage":"en-US","@id":"https:\/\/ktdcgroup.vn\/#\/schema\/logo\/image\/","url":"https:\/\/ktdcgroup.vn\/wp-content\/uploads\/2025\/02\/logo-KTDC-IELTS.jpg","contentUrl":"https:\/\/ktdcgroup.vn\/wp-content\/uploads\/2025\/02\/logo-KTDC-IELTS.jpg","width":1200,"height":1200,"caption":"Trung t\u00e2m KTDC IELTS"},"image":{"@id":"https:\/\/ktdcgroup.vn\/#\/schema\/logo\/image\/"},"sameAs":["https:\/\/www.facebook.com\/KTDCIELTS\/","https:\/\/www.instagram.com\/ktdcgroup\/","https:\/\/www.youtube.com\/c\/Ktdcgroupielts\/"]}]}},"_links":{"self":[{"href":"https:\/\/ktdcgroup.vn\/en\/wp-json\/wp\/v2\/pages\/23426","targetHints":{"allow":["GET"]}}],"collection":[{"href":"https:\/\/ktdcgroup.vn\/en\/wp-json\/wp\/v2\/pages"}],"about":[{"href":"https:\/\/ktdcgroup.vn\/en\/wp-json\/wp\/v2\/types\/page"}],"author":[{"embeddable":true,"href":"https:\/\/ktdcgroup.vn\/en\/wp-json\/wp\/v2\/users\/6"}],"replies":[{"embeddable":true,"href":"https:\/\/ktdcgroup.vn\/en\/wp-json\/wp\/v2\/comments?post=23426"}],"version-history":[{"count":28,"href":"https:\/\/ktdcgroup.vn\/en\/wp-json\/wp\/v2\/pages\/23426\/revisions"}],"predecessor-version":[{"id":52225,"href":"https:\/\/ktdcgroup.vn\/en\/wp-json\/wp\/v2\/pages\/23426\/revisions\/52225"}],"wp:featuredmedia":[{"embeddable":true,"href":"https:\/\/ktdcgroup.vn\/en\/wp-json\/wp\/v2\/media\/25689"}],"wp:attachment":[{"href":"https:\/\/ktdcgroup.vn\/en\/wp-json\/wp\/v2\/media?parent=23426"}],"curies":[{"name":"wp","href":"https:\/\/api.w.org\/{rel}","templated":true}]}}