{"id":23425,"date":"2020-07-10T14:40:56","date_gmt":"2020-07-10T07:40:56","guid":{"rendered":"https:\/\/ktdcgroup.vn\/giang-vien-ielts\/"},"modified":"2026-04-01T10:53:03","modified_gmt":"2026-04-01T03:53:03","slug":"ielts-teacher","status":"publish","type":"page","link":"https:\/\/ktdcgroup.vn\/en\/ielts-teacher\/","title":{"rendered":"IELTS Experts in Ho Chi Minh City"},"content":{"rendered":"\n<p>KTDC proudly boasts 100% highly qualified IELTS instructors, with <strong>80% <\/strong>of them being <strong>former IELTS examiners<\/strong>, trained by the British Council and IDP.<\/p>\n","protected":false},"excerpt":{"rendered":"<p>KTDC proudly boasts 100% highly qualified IELTS instructors, with 80% of them being former IELTS examiners, trained by the British Council and IDP.<\/p>\n","protected":false},"author":6,"featured_media":33334,"parent":0,"menu_order":0,"comment_status":"closed","ping_status":"closed","template":"page-template\/teacher.php","meta":{"_acf_changed":false,"footnotes":""},"class_list":["post-23425","page","type-page","status-publish","has-post-thumbnail","hentry"],"acf":[],"yoast_head":"<!-- This site is optimized with the Yoast SEO plugin v26.8 - https:\/\/yoast.com\/product\/yoast-seo-wordpress\/ -->\n<title>IELTS Experts in Ho Chi Minh City<\/title>\n<meta name=\"description\" content=\"A team of highly experienced IELTS experts.\" \/>\n<meta name=\"robots\" content=\"index, follow, max-snippet:-1, max-image-preview:large, max-video-preview:-1\" \/>\n<link rel=\"canonical\" href=\"https:\/\/ktdcgroup.vn\/en\/ielts-teacher\/\" \/>\n<meta property=\"og:locale\" content=\"en_US\" \/>\n<meta property=\"og:type\" content=\"article\" \/>\n<meta property=\"og:title\" content=\"IELTS Experts in Ho Chi Minh City\" \/>\n<meta property=\"og:description\" content=\"A team of highly experienced IELTS experts.\" \/>\n<meta property=\"og:url\" content=\"https:\/\/ktdcgroup.vn\/en\/ielts-teacher\/\" \/>\n<meta property=\"og:site_name\" content=\"Trung t\u00e2m KTDC IELTS\" \/>\n<meta property=\"article:publisher\" content=\"https:\/\/www.facebook.com\/KTDCIELTS\/\" \/>\n<meta property=\"article:modified_time\" content=\"2026-04-01T03:53:03+00:00\" \/>\n<meta property=\"og:image\" content=\"https:\/\/ktdcgroup.vn\/wp-content\/uploads\/2022\/07\/gi\u1ea3ng-vi\u00ean-IELTS.jpg\" \/>\n\t<meta property=\"og:image:width\" content=\"800\" \/>\n\t<meta property=\"og:image:height\" content=\"500\" \/>\n\t<meta property=\"og:image:type\" content=\"image\/jpeg\" \/>\n<meta name=\"twitter:card\" content=\"summary_large_image\" \/>\n<meta name=\"twitter:label1\" content=\"Est. reading time\" \/>\n\t<meta name=\"twitter:data1\" content=\"1 minute\" \/>\n<script type=\"application\/ld+json\" class=\"yoast-schema-graph\">{\"@context\":\"https:\/\/schema.org\",\"@graph\":[{\"@type\":\"WebPage\",\"@id\":\"https:\/\/ktdcgroup.vn\/en\/ielts-teacher\/\",\"url\":\"https:\/\/ktdcgroup.vn\/en\/ielts-teacher\/\",\"name\":\"IELTS Experts in Ho Chi Minh City\",\"isPartOf\":{\"@id\":\"https:\/\/ktdcgroup.vn\/#website\"},\"primaryImageOfPage\":{\"@id\":\"https:\/\/ktdcgroup.vn\/en\/ielts-teacher\/#primaryimage\"},\"image\":{\"@id\":\"https:\/\/ktdcgroup.vn\/en\/ielts-teacher\/#primaryimage\"},\"thumbnailUrl\":\"https:\/\/ktdcgroup.vn\/wp-content\/uploads\/2022\/07\/gi\u1ea3ng-vi\u00ean-IELTS.jpg\",\"datePublished\":\"2020-07-10T07:40:56+00:00\",\"dateModified\":\"2026-04-01T03:53:03+00:00\",\"description\":\"A team of highly experienced IELTS experts.\",\"inLanguage\":\"en-US\",\"potentialAction\":[{\"@type\":\"ReadAction\",\"target\":[\"https:\/\/ktdcgroup.vn\/en\/ielts-teacher\/\"]}]},{\"@type\":\"ImageObject\",\"inLanguage\":\"en-US\",\"@id\":\"https:\/\/ktdcgroup.vn\/en\/ielts-teacher\/#primaryimage\",\"url\":\"https:\/\/ktdcgroup.vn\/wp-content\/uploads\/2022\/07\/gi\u1ea3ng-vi\u00ean-IELTS.jpg\",\"contentUrl\":\"https:\/\/ktdcgroup.vn\/wp-content\/uploads\/2022\/07\/gi\u1ea3ng-vi\u00ean-IELTS.jpg\",\"width\":800,\"height\":500},{\"@type\":\"WebSite\",\"@id\":\"https:\/\/ktdcgroup.vn\/#website\",\"url\":\"https:\/\/ktdcgroup.vn\/\",\"name\":\"Trung t\u00e2m KTDC IELTS\",\"description\":\"H\u1ecdc IELTS c\u00f9ng chuy\u00ean gia IELTS \u0111\u1ea7u ng\u00e0nh\",\"publisher\":{\"@id\":\"https:\/\/ktdcgroup.vn\/#organization\"},\"alternateName\":\"KTDC IELTS\",\"potentialAction\":[{\"@type\":\"SearchAction\",\"target\":{\"@type\":\"EntryPoint\",\"urlTemplate\":\"https:\/\/ktdcgroup.vn\/?s={search_term_string}\"},\"query-input\":{\"@type\":\"PropertyValueSpecification\",\"valueRequired\":true,\"valueName\":\"search_term_string\"}}],\"inLanguage\":\"en-US\"},{\"@type\":\"Organization\",\"@id\":\"https:\/\/ktdcgroup.vn\/#organization\",\"name\":\"Trung t\u00e2m KTDC IELTS\",\"alternateName\":\"KTDC IELTS\",\"url\":\"https:\/\/ktdcgroup.vn\/\",\"logo\":{\"@type\":\"ImageObject\",\"inLanguage\":\"en-US\",\"@id\":\"https:\/\/ktdcgroup.vn\/#\/schema\/logo\/image\/\",\"url\":\"https:\/\/ktdcgroup.vn\/wp-content\/uploads\/2025\/02\/logo-KTDC-IELTS.jpg\",\"contentUrl\":\"https:\/\/ktdcgroup.vn\/wp-content\/uploads\/2025\/02\/logo-KTDC-IELTS.jpg\",\"width\":1200,\"height\":1200,\"caption\":\"Trung t\u00e2m KTDC IELTS\"},\"image\":{\"@id\":\"https:\/\/ktdcgroup.vn\/#\/schema\/logo\/image\/\"},\"sameAs\":[\"https:\/\/www.facebook.com\/KTDCIELTS\/\",\"https:\/\/www.instagram.com\/ktdcgroup\/\",\"https:\/\/www.youtube.com\/c\/Ktdcgroupielts\/\"]}]}<\/script>\n<!-- \/ Yoast SEO plugin. -->","yoast_head_json":{"title":"IELTS Experts in Ho Chi Minh City","description":"A team of highly experienced IELTS experts.","robots":{"index":"index","follow":"follow","max-snippet":"max-snippet:-1","max-image-preview":"max-image-preview:large","max-video-preview":"max-video-preview:-1"},"canonical":"https:\/\/ktdcgroup.vn\/en\/ielts-teacher\/","og_locale":"en_US","og_type":"article","og_title":"IELTS Experts in Ho Chi Minh City","og_description":"A team of highly experienced IELTS experts.","og_url":"https:\/\/ktdcgroup.vn\/en\/ielts-teacher\/","og_site_name":"Trung t\u00e2m KTDC IELTS","article_publisher":"https:\/\/www.facebook.com\/KTDCIELTS\/","article_modified_time":"2026-04-01T03:53:03+00:00","og_image":[{"width":800,"height":500,"url":"https:\/\/ktdcgroup.vn\/wp-content\/uploads\/2022\/07\/gi\u1ea3ng-vi\u00ean-IELTS.jpg","type":"image\/jpeg"}],"twitter_card":"summary_large_image","twitter_misc":{"Est. reading time":"1 minute"},"schema":{"@context":"https:\/\/schema.org","@graph":[{"@type":"WebPage","@id":"https:\/\/ktdcgroup.vn\/en\/ielts-teacher\/","url":"https:\/\/ktdcgroup.vn\/en\/ielts-teacher\/","name":"IELTS Experts in Ho Chi Minh City","isPartOf":{"@id":"https:\/\/ktdcgroup.vn\/#website"},"primaryImageOfPage":{"@id":"https:\/\/ktdcgroup.vn\/en\/ielts-teacher\/#primaryimage"},"image":{"@id":"https:\/\/ktdcgroup.vn\/en\/ielts-teacher\/#primaryimage"},"thumbnailUrl":"https:\/\/ktdcgroup.vn\/wp-content\/uploads\/2022\/07\/gi\u1ea3ng-vi\u00ean-IELTS.jpg","datePublished":"2020-07-10T07:40:56+00:00","dateModified":"2026-04-01T03:53:03+00:00","description":"A team of highly experienced IELTS experts.","inLanguage":"en-US","potentialAction":[{"@type":"ReadAction","target":["https:\/\/ktdcgroup.vn\/en\/ielts-teacher\/"]}]},{"@type":"ImageObject","inLanguage":"en-US","@id":"https:\/\/ktdcgroup.vn\/en\/ielts-teacher\/#primaryimage","url":"https:\/\/ktdcgroup.vn\/wp-content\/uploads\/2022\/07\/gi\u1ea3ng-vi\u00ean-IELTS.jpg","contentUrl":"https:\/\/ktdcgroup.vn\/wp-content\/uploads\/2022\/07\/gi\u1ea3ng-vi\u00ean-IELTS.jpg","width":800,"height":500},{"@type":"WebSite","@id":"https:\/\/ktdcgroup.vn\/#website","url":"https:\/\/ktdcgroup.vn\/","name":"Trung t\u00e2m KTDC IELTS","description":"H\u1ecdc IELTS c\u00f9ng chuy\u00ean gia IELTS \u0111\u1ea7u ng\u00e0nh","publisher":{"@id":"https:\/\/ktdcgroup.vn\/#organization"},"alternateName":"KTDC IELTS","potentialAction":[{"@type":"SearchAction","target":{"@type":"EntryPoint","urlTemplate":"https:\/\/ktdcgroup.vn\/?s={search_term_string}"},"query-input":{"@type":"PropertyValueSpecification","valueRequired":true,"valueName":"search_term_string"}}],"inLanguage":"en-US"},{"@type":"Organization","@id":"https:\/\/ktdcgroup.vn\/#organization","name":"Trung t\u00e2m KTDC IELTS","alternateName":"KTDC IELTS","url":"https:\/\/ktdcgroup.vn\/","logo":{"@type":"ImageObject","inLanguage":"en-US","@id":"https:\/\/ktdcgroup.vn\/#\/schema\/logo\/image\/","url":"https:\/\/ktdcgroup.vn\/wp-content\/uploads\/2025\/02\/logo-KTDC-IELTS.jpg","contentUrl":"https:\/\/ktdcgroup.vn\/wp-content\/uploads\/2025\/02\/logo-KTDC-IELTS.jpg","width":1200,"height":1200,"caption":"Trung t\u00e2m KTDC IELTS"},"image":{"@id":"https:\/\/ktdcgroup.vn\/#\/schema\/logo\/image\/"},"sameAs":["https:\/\/www.facebook.com\/KTDCIELTS\/","https:\/\/www.instagram.com\/ktdcgroup\/","https:\/\/www.youtube.com\/c\/Ktdcgroupielts\/"]}]}},"_links":{"self":[{"href":"https:\/\/ktdcgroup.vn\/en\/wp-json\/wp\/v2\/pages\/23425","targetHints":{"allow":["GET"]}}],"collection":[{"href":"https:\/\/ktdcgroup.vn\/en\/wp-json\/wp\/v2\/pages"}],"about":[{"href":"https:\/\/ktdcgroup.vn\/en\/wp-json\/wp\/v2\/types\/page"}],"author":[{"embeddable":true,"href":"https:\/\/ktdcgroup.vn\/en\/wp-json\/wp\/v2\/users\/6"}],"replies":[{"embeddable":true,"href":"https:\/\/ktdcgroup.vn\/en\/wp-json\/wp\/v2\/comments?post=23425"}],"version-history":[{"count":18,"href":"https:\/\/ktdcgroup.vn\/en\/wp-json\/wp\/v2\/pages\/23425\/revisions"}],"predecessor-version":[{"id":60476,"href":"https:\/\/ktdcgroup.vn\/en\/wp-json\/wp\/v2\/pages\/23425\/revisions\/60476"}],"wp:featuredmedia":[{"embeddable":true,"href":"https:\/\/ktdcgroup.vn\/en\/wp-json\/wp\/v2\/media\/33334"}],"wp:attachment":[{"href":"https:\/\/ktdcgroup.vn\/en\/wp-json\/wp\/v2\/media?parent=23425"}],"curies":[{"name":"wp","href":"https:\/\/api.w.org\/{rel}","templated":true}]}}