{"id":23424,"date":"2020-07-10T16:01:18","date_gmt":"2020-07-10T09:01:18","guid":{"rendered":"https:\/\/ktdcgroup.vn\/lich-khai-giang\/"},"modified":"2020-09-26T14:46:51","modified_gmt":"2020-09-26T07:46:51","slug":"schedule","status":"publish","type":"page","link":"https:\/\/ktdcgroup.vn\/en\/schedule\/","title":{"rendered":"Class Opening Schedule"},"content":{"rendered":"\r\n<p>After taking the placement test, you will be consulted to choose a suitable course: time, IELTS trainer and the date the class will open.\u00a0All of our IELTS courses open monthly. During the course, you will learn full time with one IELTS trainer who is a native speaking qualified expert.<\/p>\r\n\r\n\r\n","protected":false},"excerpt":{"rendered":"<p>After taking the placement test, you will be consulted to choose a suitable course: time, IELTS trainer and the date the class will open.\u00a0All of our IELTS courses open monthly. During the course, you will learn full time with one IELTS trainer who is a native speaking qualified expert.<\/p>\n","protected":false},"author":6,"featured_media":25726,"parent":0,"menu_order":0,"comment_status":"closed","ping_status":"closed","template":"page-template\/schedule.php","meta":{"_acf_changed":false,"footnotes":""},"class_list":["post-23424","page","type-page","status-publish","has-post-thumbnail","hentry"],"acf":[],"yoast_head":"<!-- This site is optimized with the Yoast SEO plugin v26.8 - https:\/\/yoast.com\/product\/yoast-seo-wordpress\/ -->\n<title>KTDC IELTS CLASS OPENING SCHEDULE<\/title>\n<meta name=\"description\" content=\"Update our latest class opening chedule monthly. You will be consulted to choose a suitable course: time, IELTS trainer and the date the class will open.\" \/>\n<meta name=\"robots\" content=\"index, follow, max-snippet:-1, max-image-preview:large, max-video-preview:-1\" \/>\n<link rel=\"canonical\" href=\"https:\/\/ktdcgroup.vn\/en\/schedule\/\" \/>\n<meta property=\"og:locale\" content=\"en_US\" \/>\n<meta property=\"og:type\" content=\"article\" \/>\n<meta property=\"og:title\" content=\"KTDC IELTS CLASS OPENING SCHEDULE\" \/>\n<meta property=\"og:description\" content=\"Update our latest class opening chedule monthly. You will be consulted to choose a suitable course: time, IELTS trainer and the date the class will open.\" \/>\n<meta property=\"og:url\" content=\"https:\/\/ktdcgroup.vn\/en\/schedule\/\" \/>\n<meta property=\"og:site_name\" content=\"Trung t\u00e2m KTDC IELTS\" \/>\n<meta property=\"article:publisher\" content=\"https:\/\/www.facebook.com\/KTDCIELTS\/\" \/>\n<meta property=\"article:modified_time\" content=\"2020-09-26T07:46:51+00:00\" \/>\n<meta property=\"og:image\" content=\"https:\/\/ktdcgroup.vn\/wp-content\/uploads\/2020\/09\/lich-khai-giang-cover-1.jpg\" \/>\n\t<meta property=\"og:image:width\" content=\"800\" \/>\n\t<meta property=\"og:image:height\" content=\"480\" \/>\n\t<meta property=\"og:image:type\" content=\"image\/jpeg\" \/>\n<meta name=\"twitter:card\" content=\"summary_large_image\" \/>\n<script type=\"application\/ld+json\" class=\"yoast-schema-graph\">{\"@context\":\"https:\/\/schema.org\",\"@graph\":[{\"@type\":\"WebPage\",\"@id\":\"https:\/\/ktdcgroup.vn\/en\/schedule\/\",\"url\":\"https:\/\/ktdcgroup.vn\/en\/schedule\/\",\"name\":\"KTDC IELTS CLASS OPENING SCHEDULE\",\"isPartOf\":{\"@id\":\"https:\/\/ktdcgroup.vn\/#website\"},\"primaryImageOfPage\":{\"@id\":\"https:\/\/ktdcgroup.vn\/en\/schedule\/#primaryimage\"},\"image\":{\"@id\":\"https:\/\/ktdcgroup.vn\/en\/schedule\/#primaryimage\"},\"thumbnailUrl\":\"https:\/\/ktdcgroup.vn\/wp-content\/uploads\/2020\/09\/lich-khai-giang-cover-1.jpg\",\"datePublished\":\"2020-07-10T09:01:18+00:00\",\"dateModified\":\"2020-09-26T07:46:51+00:00\",\"description\":\"Update our latest class opening chedule monthly. You will be consulted to choose a suitable course: time, IELTS trainer and the date the class will open.\",\"inLanguage\":\"en-US\",\"potentialAction\":[{\"@type\":\"ReadAction\",\"target\":[\"https:\/\/ktdcgroup.vn\/en\/schedule\/\"]}]},{\"@type\":\"ImageObject\",\"inLanguage\":\"en-US\",\"@id\":\"https:\/\/ktdcgroup.vn\/en\/schedule\/#primaryimage\",\"url\":\"https:\/\/ktdcgroup.vn\/wp-content\/uploads\/2020\/09\/lich-khai-giang-cover-1.jpg\",\"contentUrl\":\"https:\/\/ktdcgroup.vn\/wp-content\/uploads\/2020\/09\/lich-khai-giang-cover-1.jpg\",\"width\":800,\"height\":480},{\"@type\":\"WebSite\",\"@id\":\"https:\/\/ktdcgroup.vn\/#website\",\"url\":\"https:\/\/ktdcgroup.vn\/\",\"name\":\"Trung t\u00e2m KTDC IELTS\",\"description\":\"H\u1ecdc IELTS c\u00f9ng chuy\u00ean gia IELTS \u0111\u1ea7u ng\u00e0nh\",\"publisher\":{\"@id\":\"https:\/\/ktdcgroup.vn\/#organization\"},\"alternateName\":\"KTDC IELTS\",\"potentialAction\":[{\"@type\":\"SearchAction\",\"target\":{\"@type\":\"EntryPoint\",\"urlTemplate\":\"https:\/\/ktdcgroup.vn\/?s={search_term_string}\"},\"query-input\":{\"@type\":\"PropertyValueSpecification\",\"valueRequired\":true,\"valueName\":\"search_term_string\"}}],\"inLanguage\":\"en-US\"},{\"@type\":\"Organization\",\"@id\":\"https:\/\/ktdcgroup.vn\/#organization\",\"name\":\"Trung t\u00e2m KTDC IELTS\",\"alternateName\":\"KTDC IELTS\",\"url\":\"https:\/\/ktdcgroup.vn\/\",\"logo\":{\"@type\":\"ImageObject\",\"inLanguage\":\"en-US\",\"@id\":\"https:\/\/ktdcgroup.vn\/#\/schema\/logo\/image\/\",\"url\":\"https:\/\/ktdcgroup.vn\/wp-content\/uploads\/2025\/02\/logo-KTDC-IELTS.jpg\",\"contentUrl\":\"https:\/\/ktdcgroup.vn\/wp-content\/uploads\/2025\/02\/logo-KTDC-IELTS.jpg\",\"width\":1200,\"height\":1200,\"caption\":\"Trung t\u00e2m KTDC IELTS\"},\"image\":{\"@id\":\"https:\/\/ktdcgroup.vn\/#\/schema\/logo\/image\/\"},\"sameAs\":[\"https:\/\/www.facebook.com\/KTDCIELTS\/\",\"https:\/\/www.instagram.com\/ktdcgroup\/\",\"https:\/\/www.youtube.com\/c\/Ktdcgroupielts\/\"]}]}<\/script>\n<!-- \/ Yoast SEO plugin. -->","yoast_head_json":{"title":"KTDC IELTS CLASS OPENING SCHEDULE","description":"Update our latest class opening chedule monthly. You will be consulted to choose a suitable course: time, IELTS trainer and the date the class will open.","robots":{"index":"index","follow":"follow","max-snippet":"max-snippet:-1","max-image-preview":"max-image-preview:large","max-video-preview":"max-video-preview:-1"},"canonical":"https:\/\/ktdcgroup.vn\/en\/schedule\/","og_locale":"en_US","og_type":"article","og_title":"KTDC IELTS CLASS OPENING SCHEDULE","og_description":"Update our latest class opening chedule monthly. You will be consulted to choose a suitable course: time, IELTS trainer and the date the class will open.","og_url":"https:\/\/ktdcgroup.vn\/en\/schedule\/","og_site_name":"Trung t\u00e2m KTDC IELTS","article_publisher":"https:\/\/www.facebook.com\/KTDCIELTS\/","article_modified_time":"2020-09-26T07:46:51+00:00","og_image":[{"width":800,"height":480,"url":"https:\/\/ktdcgroup.vn\/wp-content\/uploads\/2020\/09\/lich-khai-giang-cover-1.jpg","type":"image\/jpeg"}],"twitter_card":"summary_large_image","schema":{"@context":"https:\/\/schema.org","@graph":[{"@type":"WebPage","@id":"https:\/\/ktdcgroup.vn\/en\/schedule\/","url":"https:\/\/ktdcgroup.vn\/en\/schedule\/","name":"KTDC IELTS CLASS OPENING SCHEDULE","isPartOf":{"@id":"https:\/\/ktdcgroup.vn\/#website"},"primaryImageOfPage":{"@id":"https:\/\/ktdcgroup.vn\/en\/schedule\/#primaryimage"},"image":{"@id":"https:\/\/ktdcgroup.vn\/en\/schedule\/#primaryimage"},"thumbnailUrl":"https:\/\/ktdcgroup.vn\/wp-content\/uploads\/2020\/09\/lich-khai-giang-cover-1.jpg","datePublished":"2020-07-10T09:01:18+00:00","dateModified":"2020-09-26T07:46:51+00:00","description":"Update our latest class opening chedule monthly. You will be consulted to choose a suitable course: time, IELTS trainer and the date the class will open.","inLanguage":"en-US","potentialAction":[{"@type":"ReadAction","target":["https:\/\/ktdcgroup.vn\/en\/schedule\/"]}]},{"@type":"ImageObject","inLanguage":"en-US","@id":"https:\/\/ktdcgroup.vn\/en\/schedule\/#primaryimage","url":"https:\/\/ktdcgroup.vn\/wp-content\/uploads\/2020\/09\/lich-khai-giang-cover-1.jpg","contentUrl":"https:\/\/ktdcgroup.vn\/wp-content\/uploads\/2020\/09\/lich-khai-giang-cover-1.jpg","width":800,"height":480},{"@type":"WebSite","@id":"https:\/\/ktdcgroup.vn\/#website","url":"https:\/\/ktdcgroup.vn\/","name":"Trung t\u00e2m KTDC IELTS","description":"H\u1ecdc IELTS c\u00f9ng chuy\u00ean gia IELTS \u0111\u1ea7u ng\u00e0nh","publisher":{"@id":"https:\/\/ktdcgroup.vn\/#organization"},"alternateName":"KTDC IELTS","potentialAction":[{"@type":"SearchAction","target":{"@type":"EntryPoint","urlTemplate":"https:\/\/ktdcgroup.vn\/?s={search_term_string}"},"query-input":{"@type":"PropertyValueSpecification","valueRequired":true,"valueName":"search_term_string"}}],"inLanguage":"en-US"},{"@type":"Organization","@id":"https:\/\/ktdcgroup.vn\/#organization","name":"Trung t\u00e2m KTDC IELTS","alternateName":"KTDC IELTS","url":"https:\/\/ktdcgroup.vn\/","logo":{"@type":"ImageObject","inLanguage":"en-US","@id":"https:\/\/ktdcgroup.vn\/#\/schema\/logo\/image\/","url":"https:\/\/ktdcgroup.vn\/wp-content\/uploads\/2025\/02\/logo-KTDC-IELTS.jpg","contentUrl":"https:\/\/ktdcgroup.vn\/wp-content\/uploads\/2025\/02\/logo-KTDC-IELTS.jpg","width":1200,"height":1200,"caption":"Trung t\u00e2m KTDC IELTS"},"image":{"@id":"https:\/\/ktdcgroup.vn\/#\/schema\/logo\/image\/"},"sameAs":["https:\/\/www.facebook.com\/KTDCIELTS\/","https:\/\/www.instagram.com\/ktdcgroup\/","https:\/\/www.youtube.com\/c\/Ktdcgroupielts\/"]}]}},"_links":{"self":[{"href":"https:\/\/ktdcgroup.vn\/en\/wp-json\/wp\/v2\/pages\/23424","targetHints":{"allow":["GET"]}}],"collection":[{"href":"https:\/\/ktdcgroup.vn\/en\/wp-json\/wp\/v2\/pages"}],"about":[{"href":"https:\/\/ktdcgroup.vn\/en\/wp-json\/wp\/v2\/types\/page"}],"author":[{"embeddable":true,"href":"https:\/\/ktdcgroup.vn\/en\/wp-json\/wp\/v2\/users\/6"}],"replies":[{"embeddable":true,"href":"https:\/\/ktdcgroup.vn\/en\/wp-json\/wp\/v2\/comments?post=23424"}],"version-history":[{"count":8,"href":"https:\/\/ktdcgroup.vn\/en\/wp-json\/wp\/v2\/pages\/23424\/revisions"}],"predecessor-version":[{"id":24911,"href":"https:\/\/ktdcgroup.vn\/en\/wp-json\/wp\/v2\/pages\/23424\/revisions\/24911"}],"wp:featuredmedia":[{"embeddable":true,"href":"https:\/\/ktdcgroup.vn\/en\/wp-json\/wp\/v2\/media\/25726"}],"wp:attachment":[{"href":"https:\/\/ktdcgroup.vn\/en\/wp-json\/wp\/v2\/media?parent=23424"}],"curies":[{"name":"wp","href":"https:\/\/api.w.org\/{rel}","templated":true}]}}