{"id":23422,"date":"2020-07-14T13:28:50","date_gmt":"2020-07-14T06:28:50","guid":{"rendered":"https:\/\/ktdcgroup.vn\/hoc-thu-ielts-cung-mr-malachy\/"},"modified":"2020-09-21T16:14:11","modified_gmt":"2020-09-21T09:14:11","slug":"ielts-test","status":"publish","type":"page","link":"https:\/\/ktdcgroup.vn\/en\/ielts-test\/","title":{"rendered":"Take an IELTS mock test"},"content":{"rendered":"\r\n<p>KTDC IELTS t\u1ed5 ch\u1ee9c l\u1edbp h\u1ecdc th\u1eed IELTS mi\u1ec5n ph\u00ed c\u00f9ng gi\u1ea3ng vi\u00ean b\u1ea3n ng\u1eef. L\u1edbp h\u1ecdc th\u1eed gi\u00fap b\u1ea1n tr\u1ea3i nghi\u1ec7m th\u1ef1c t\u1ebf kh\u00f3a h\u1ecdc IELTS t\u1ea1i KTDC tr\u01b0\u1edbc khi \u0111\u01b0a ra quy\u1ebft \u0111\u1ecbnh tham gia l\u1edbp.<\/p>\r\n\r\n\r\n\r\n<p>Tham gia l\u1edbp h\u1ecdc th\u1eed v\u1eeba \u0111\u1ec3 tr\u1ea3i nghi\u1ec7m ch\u01b0\u01a1ng tr\u00ecnh h\u1ecdc IELTS v\u1eeba s\u0103n nh\u1eefng qu\u00e0 t\u1eb7ng v\u00e0 voucher gi\u1ea3m gi\u00e1 kh\u00f3a h\u1ecdc cho c\u00e1c l\u1edbp sau T\u1ebft. Th\u1eadt ti\u1ec7n l\u1ee3i ph\u1ea3i kh\u00f4ng n\u00e0o!!<\/p>\r\n\r\n\r\n\r\n<p>Ch\u01b0\u01a1ng tr\u00ecnh h\u1ecdc IELTS v\u1edbi gi\u1ea3ng vi\u00ean b\u1ea3n ng\u1eef t\u1ea1i KTDC g\u1ed3m 9 l\u1edbp v\u1edbi ch\u01b0\u01a1ng tr\u00ecnh \u0111\u00e0o t\u1ea1o IELTS cho h\u1ecdc vi\u00ean t\u1eeb c\u01a1 b\u1ea3n \u0111\u1ebfn n\u00e2ng cao, trong \u0111\u00f3 c\u00f3:<\/p>\r\n\r\n\r\n\r\n<ul class=\"wp-block-list\">\r\n<li>L\u1edbp h\u1ecdc th\u1eed IELTS c\u00f9ng hai gi\u1ea3ng vi\u00ean Mr. Malachy Lynam v\u00e0 Mr. Andrew Ward<\/li>\r\n<li>Ch\u01b0\u01a1ng tr\u00ecnh b\u1ed1c th\u0103m c\u00e1c ph\u1ea7n qu\u00e0 v\u00e0 voucher gi\u1ea3m h\u1ecdc ph\u00ed cho c\u00e1c kh\u00f3a sau T\u1ebft.<\/li>\r\n<\/ul>\r\n\r\n\r\n\r\n<p>C\u00e1c b\u1ea1n tham gia nh\u1edb \u0111\u1ebfn s\u1edbm h\u01a1n 15 ph\u00fat \u0111\u1ec3 chu\u1ea9n b\u1ecb v\u00e0 \u0111\u01b0\u1ee3c h\u01b0\u1edbng d\u1eabn v\u00e0o l\u1edbp nh\u00e9<\/p>\r\n","protected":false},"excerpt":{"rendered":"<p>KTDC IELTS t\u1ed5 ch\u1ee9c l\u1edbp h\u1ecdc th\u1eed IELTS mi\u1ec5n ph\u00ed c\u00f9ng gi\u1ea3ng vi\u00ean b\u1ea3n ng\u1eef. L\u1edbp h\u1ecdc th\u1eed gi\u00fap b\u1ea1n tr\u1ea3i nghi\u1ec7m th\u1ef1c t\u1ebf kh\u00f3a h\u1ecdc IELTS t\u1ea1i KTDC tr\u01b0\u1edbc khi \u0111\u01b0a ra quy\u1ebft \u0111\u1ecbnh tham gia l\u1edbp. Tham gia l\u1edbp h\u1ecdc th\u1eed v\u1eeba \u0111\u1ec3 tr\u1ea3i nghi\u1ec7m ch\u01b0\u01a1ng tr\u00ecnh h\u1ecdc IELTS v\u1eeba s\u0103n nh\u1eefng qu\u00e0 [&hellip;]<\/p>\n","protected":false},"author":6,"featured_media":22356,"parent":0,"menu_order":0,"comment_status":"closed","ping_status":"closed","template":"page-template\/trial-class.php","meta":{"_acf_changed":false,"footnotes":""},"class_list":["post-23422","page","type-page","status-publish","has-post-thumbnail","hentry"],"acf":[],"yoast_head":"<!-- This site is optimized with the Yoast SEO plugin v26.8 - https:\/\/yoast.com\/product\/yoast-seo-wordpress\/ -->\n<title>Take an IELTS mock test - Trung t\u00e2m KTDC IELTS<\/title>\n<meta name=\"robots\" content=\"index, follow, max-snippet:-1, max-image-preview:large, max-video-preview:-1\" \/>\n<link rel=\"canonical\" href=\"https:\/\/ktdcgroup.vn\/?page_id=367\" \/>\n<meta property=\"og:locale\" content=\"en_US\" \/>\n<meta property=\"og:type\" content=\"article\" \/>\n<meta property=\"og:title\" content=\"Take an IELTS mock test - Trung t\u00e2m KTDC IELTS\" \/>\n<meta property=\"og:description\" content=\"KTDC IELTS t\u1ed5 ch\u1ee9c l\u1edbp h\u1ecdc th\u1eed IELTS mi\u1ec5n ph\u00ed c\u00f9ng gi\u1ea3ng vi\u00ean b\u1ea3n ng\u1eef. L\u1edbp h\u1ecdc th\u1eed gi\u00fap b\u1ea1n tr\u1ea3i nghi\u1ec7m th\u1ef1c t\u1ebf kh\u00f3a h\u1ecdc IELTS t\u1ea1i KTDC tr\u01b0\u1edbc khi \u0111\u01b0a ra quy\u1ebft \u0111\u1ecbnh tham gia l\u1edbp. Tham gia l\u1edbp h\u1ecdc th\u1eed v\u1eeba \u0111\u1ec3 tr\u1ea3i nghi\u1ec7m ch\u01b0\u01a1ng tr\u00ecnh h\u1ecdc IELTS v\u1eeba s\u0103n nh\u1eefng qu\u00e0 [&hellip;]\" \/>\n<meta property=\"og:url\" content=\"https:\/\/ktdcgroup.vn\/?page_id=367\" \/>\n<meta property=\"og:site_name\" content=\"Trung t\u00e2m KTDC IELTS\" \/>\n<meta property=\"article:publisher\" content=\"https:\/\/www.facebook.com\/KTDCIELTS\/\" \/>\n<meta property=\"article:modified_time\" content=\"2020-09-21T09:14:11+00:00\" \/>\n<meta property=\"og:image\" content=\"https:\/\/ktdcgroup.vn\/wp-content\/uploads\/2020\/07\/overview-2.png\" \/>\n\t<meta property=\"og:image:width\" content=\"560\" \/>\n\t<meta property=\"og:image:height\" content=\"398\" \/>\n\t<meta property=\"og:image:type\" content=\"image\/png\" \/>\n<meta name=\"twitter:card\" content=\"summary_large_image\" \/>\n<meta name=\"twitter:label1\" content=\"Est. reading time\" \/>\n\t<meta name=\"twitter:data1\" content=\"1 minute\" \/>\n<script type=\"application\/ld+json\" class=\"yoast-schema-graph\">{\"@context\":\"https:\/\/schema.org\",\"@graph\":[{\"@type\":\"WebPage\",\"@id\":\"https:\/\/ktdcgroup.vn\/?page_id=367\",\"url\":\"https:\/\/ktdcgroup.vn\/?page_id=367\",\"name\":\"Take an IELTS mock test - Trung t\u00e2m KTDC IELTS\",\"isPartOf\":{\"@id\":\"https:\/\/ktdcgroup.vn\/#website\"},\"primaryImageOfPage\":{\"@id\":\"https:\/\/ktdcgroup.vn\/?page_id=367#primaryimage\"},\"image\":{\"@id\":\"https:\/\/ktdcgroup.vn\/?page_id=367#primaryimage\"},\"thumbnailUrl\":\"https:\/\/ktdcgroup.vn\/wp-content\/uploads\/2020\/07\/overview-2.png\",\"datePublished\":\"2020-07-14T06:28:50+00:00\",\"dateModified\":\"2020-09-21T09:14:11+00:00\",\"inLanguage\":\"en-US\",\"potentialAction\":[{\"@type\":\"ReadAction\",\"target\":[\"https:\/\/ktdcgroup.vn\/?page_id=367\"]}]},{\"@type\":\"ImageObject\",\"inLanguage\":\"en-US\",\"@id\":\"https:\/\/ktdcgroup.vn\/?page_id=367#primaryimage\",\"url\":\"https:\/\/ktdcgroup.vn\/wp-content\/uploads\/2020\/07\/overview-2.png\",\"contentUrl\":\"https:\/\/ktdcgroup.vn\/wp-content\/uploads\/2020\/07\/overview-2.png\",\"width\":560,\"height\":398},{\"@type\":\"WebSite\",\"@id\":\"https:\/\/ktdcgroup.vn\/#website\",\"url\":\"https:\/\/ktdcgroup.vn\/\",\"name\":\"Trung t\u00e2m KTDC IELTS\",\"description\":\"H\u1ecdc IELTS c\u00f9ng chuy\u00ean gia IELTS \u0111\u1ea7u ng\u00e0nh\",\"publisher\":{\"@id\":\"https:\/\/ktdcgroup.vn\/#organization\"},\"alternateName\":\"KTDC IELTS\",\"potentialAction\":[{\"@type\":\"SearchAction\",\"target\":{\"@type\":\"EntryPoint\",\"urlTemplate\":\"https:\/\/ktdcgroup.vn\/?s={search_term_string}\"},\"query-input\":{\"@type\":\"PropertyValueSpecification\",\"valueRequired\":true,\"valueName\":\"search_term_string\"}}],\"inLanguage\":\"en-US\"},{\"@type\":\"Organization\",\"@id\":\"https:\/\/ktdcgroup.vn\/#organization\",\"name\":\"Trung t\u00e2m KTDC IELTS\",\"alternateName\":\"KTDC IELTS\",\"url\":\"https:\/\/ktdcgroup.vn\/\",\"logo\":{\"@type\":\"ImageObject\",\"inLanguage\":\"en-US\",\"@id\":\"https:\/\/ktdcgroup.vn\/#\/schema\/logo\/image\/\",\"url\":\"https:\/\/ktdcgroup.vn\/wp-content\/uploads\/2025\/02\/logo-KTDC-IELTS.jpg\",\"contentUrl\":\"https:\/\/ktdcgroup.vn\/wp-content\/uploads\/2025\/02\/logo-KTDC-IELTS.jpg\",\"width\":1200,\"height\":1200,\"caption\":\"Trung t\u00e2m KTDC IELTS\"},\"image\":{\"@id\":\"https:\/\/ktdcgroup.vn\/#\/schema\/logo\/image\/\"},\"sameAs\":[\"https:\/\/www.facebook.com\/KTDCIELTS\/\",\"https:\/\/www.instagram.com\/ktdcgroup\/\",\"https:\/\/www.youtube.com\/c\/Ktdcgroupielts\/\"]}]}<\/script>\n<!-- \/ Yoast SEO plugin. -->","yoast_head_json":{"title":"Take an IELTS mock test - Trung t\u00e2m KTDC IELTS","robots":{"index":"index","follow":"follow","max-snippet":"max-snippet:-1","max-image-preview":"max-image-preview:large","max-video-preview":"max-video-preview:-1"},"canonical":"https:\/\/ktdcgroup.vn\/?page_id=367","og_locale":"en_US","og_type":"article","og_title":"Take an IELTS mock test - Trung t\u00e2m KTDC IELTS","og_description":"KTDC IELTS t\u1ed5 ch\u1ee9c l\u1edbp h\u1ecdc th\u1eed IELTS mi\u1ec5n ph\u00ed c\u00f9ng gi\u1ea3ng vi\u00ean b\u1ea3n ng\u1eef. L\u1edbp h\u1ecdc th\u1eed gi\u00fap b\u1ea1n tr\u1ea3i nghi\u1ec7m th\u1ef1c t\u1ebf kh\u00f3a h\u1ecdc IELTS t\u1ea1i KTDC tr\u01b0\u1edbc khi \u0111\u01b0a ra quy\u1ebft \u0111\u1ecbnh tham gia l\u1edbp. Tham gia l\u1edbp h\u1ecdc th\u1eed v\u1eeba \u0111\u1ec3 tr\u1ea3i nghi\u1ec7m ch\u01b0\u01a1ng tr\u00ecnh h\u1ecdc IELTS v\u1eeba s\u0103n nh\u1eefng qu\u00e0 [&hellip;]","og_url":"https:\/\/ktdcgroup.vn\/?page_id=367","og_site_name":"Trung t\u00e2m KTDC IELTS","article_publisher":"https:\/\/www.facebook.com\/KTDCIELTS\/","article_modified_time":"2020-09-21T09:14:11+00:00","og_image":[{"width":560,"height":398,"url":"https:\/\/ktdcgroup.vn\/wp-content\/uploads\/2020\/07\/overview-2.png","type":"image\/png"}],"twitter_card":"summary_large_image","twitter_misc":{"Est. reading time":"1 minute"},"schema":{"@context":"https:\/\/schema.org","@graph":[{"@type":"WebPage","@id":"https:\/\/ktdcgroup.vn\/?page_id=367","url":"https:\/\/ktdcgroup.vn\/?page_id=367","name":"Take an IELTS mock test - Trung t\u00e2m KTDC IELTS","isPartOf":{"@id":"https:\/\/ktdcgroup.vn\/#website"},"primaryImageOfPage":{"@id":"https:\/\/ktdcgroup.vn\/?page_id=367#primaryimage"},"image":{"@id":"https:\/\/ktdcgroup.vn\/?page_id=367#primaryimage"},"thumbnailUrl":"https:\/\/ktdcgroup.vn\/wp-content\/uploads\/2020\/07\/overview-2.png","datePublished":"2020-07-14T06:28:50+00:00","dateModified":"2020-09-21T09:14:11+00:00","inLanguage":"en-US","potentialAction":[{"@type":"ReadAction","target":["https:\/\/ktdcgroup.vn\/?page_id=367"]}]},{"@type":"ImageObject","inLanguage":"en-US","@id":"https:\/\/ktdcgroup.vn\/?page_id=367#primaryimage","url":"https:\/\/ktdcgroup.vn\/wp-content\/uploads\/2020\/07\/overview-2.png","contentUrl":"https:\/\/ktdcgroup.vn\/wp-content\/uploads\/2020\/07\/overview-2.png","width":560,"height":398},{"@type":"WebSite","@id":"https:\/\/ktdcgroup.vn\/#website","url":"https:\/\/ktdcgroup.vn\/","name":"Trung t\u00e2m KTDC IELTS","description":"H\u1ecdc IELTS c\u00f9ng chuy\u00ean gia IELTS \u0111\u1ea7u ng\u00e0nh","publisher":{"@id":"https:\/\/ktdcgroup.vn\/#organization"},"alternateName":"KTDC IELTS","potentialAction":[{"@type":"SearchAction","target":{"@type":"EntryPoint","urlTemplate":"https:\/\/ktdcgroup.vn\/?s={search_term_string}"},"query-input":{"@type":"PropertyValueSpecification","valueRequired":true,"valueName":"search_term_string"}}],"inLanguage":"en-US"},{"@type":"Organization","@id":"https:\/\/ktdcgroup.vn\/#organization","name":"Trung t\u00e2m KTDC IELTS","alternateName":"KTDC IELTS","url":"https:\/\/ktdcgroup.vn\/","logo":{"@type":"ImageObject","inLanguage":"en-US","@id":"https:\/\/ktdcgroup.vn\/#\/schema\/logo\/image\/","url":"https:\/\/ktdcgroup.vn\/wp-content\/uploads\/2025\/02\/logo-KTDC-IELTS.jpg","contentUrl":"https:\/\/ktdcgroup.vn\/wp-content\/uploads\/2025\/02\/logo-KTDC-IELTS.jpg","width":1200,"height":1200,"caption":"Trung t\u00e2m KTDC IELTS"},"image":{"@id":"https:\/\/ktdcgroup.vn\/#\/schema\/logo\/image\/"},"sameAs":["https:\/\/www.facebook.com\/KTDCIELTS\/","https:\/\/www.instagram.com\/ktdcgroup\/","https:\/\/www.youtube.com\/c\/Ktdcgroupielts\/"]}]}},"_links":{"self":[{"href":"https:\/\/ktdcgroup.vn\/en\/wp-json\/wp\/v2\/pages\/23422","targetHints":{"allow":["GET"]}}],"collection":[{"href":"https:\/\/ktdcgroup.vn\/en\/wp-json\/wp\/v2\/pages"}],"about":[{"href":"https:\/\/ktdcgroup.vn\/en\/wp-json\/wp\/v2\/types\/page"}],"author":[{"embeddable":true,"href":"https:\/\/ktdcgroup.vn\/en\/wp-json\/wp\/v2\/users\/6"}],"replies":[{"embeddable":true,"href":"https:\/\/ktdcgroup.vn\/en\/wp-json\/wp\/v2\/comments?post=23422"}],"version-history":[{"count":1,"href":"https:\/\/ktdcgroup.vn\/en\/wp-json\/wp\/v2\/pages\/23422\/revisions"}],"predecessor-version":[{"id":24413,"href":"https:\/\/ktdcgroup.vn\/en\/wp-json\/wp\/v2\/pages\/23422\/revisions\/24413"}],"wp:featuredmedia":[{"embeddable":true,"href":"https:\/\/ktdcgroup.vn\/en\/wp-json\/wp\/v2\/media\/22356"}],"wp:attachment":[{"href":"https:\/\/ktdcgroup.vn\/en\/wp-json\/wp\/v2\/media?parent=23422"}],"curies":[{"name":"wp","href":"https:\/\/api.w.org\/{rel}","templated":true}]}}