{"id":23420,"date":"2020-07-15T00:58:50","date_gmt":"2020-07-14T17:58:50","guid":{"rendered":"https:\/\/ktdcgroup.vn\/hoc-vien-ktdc\/"},"modified":"2024-12-16T19:49:19","modified_gmt":"2024-12-16T12:49:19","slug":"ktdc-students","status":"publish","type":"page","link":"https:\/\/ktdcgroup.vn\/en\/ktdc-students\/","title":{"rendered":"KTDC STUDENT"},"content":{"rendered":"\n<p class=\"has-text-align-left\"><\/p>\n","protected":false},"excerpt":{"rendered":"","protected":false},"author":6,"featured_media":22374,"parent":0,"menu_order":0,"comment_status":"closed","ping_status":"closed","template":"page-template\/student.php","meta":{"_acf_changed":false,"footnotes":""},"class_list":["post-23420","page","type-page","status-publish","has-post-thumbnail","hentry"],"acf":[],"yoast_head":"<!-- This site is optimized with the Yoast SEO plugin v26.8 - https:\/\/yoast.com\/product\/yoast-seo-wordpress\/ -->\n<title>C\u1ea3m nh\u1eadn h\u1ecdc vi\u00ean, review v\u1ec1 Trung t\u00e2m KTDC IELTS<\/title>\n<meta name=\"description\" content=\"T\u1ed5ng h\u1ee3p nh\u1eefng c\u1ea3m nh\u1eadn h\u1ecdc vi\u00ean v\u00e0 review KTDC IELTS. Nh\u1eefng b\u00e0i chia s\u1ebb, \u0111\u00e1nh gi\u00e1 sau khi c\u00e1c b\u1ea1n \u0111\u00e3 h\u1ecdc v\u00e0 \u0111\u1ea1t \u0111\u01b0\u1ee3c m\u1ee5c ti\u00eau IELTS nh\u01b0 \u00fd.\" \/>\n<meta name=\"robots\" content=\"index, follow, max-snippet:-1, max-image-preview:large, max-video-preview:-1\" \/>\n<link rel=\"canonical\" href=\"https:\/\/ktdcgroup.vn\/en\/ktdc-students\/\" \/>\n<meta property=\"og:locale\" content=\"en_US\" \/>\n<meta property=\"og:type\" content=\"article\" \/>\n<meta property=\"og:title\" content=\"C\u1ea3m nh\u1eadn h\u1ecdc vi\u00ean, review v\u1ec1 Trung t\u00e2m KTDC IELTS\" \/>\n<meta property=\"og:description\" content=\"T\u1ed5ng h\u1ee3p nh\u1eefng c\u1ea3m nh\u1eadn h\u1ecdc vi\u00ean v\u00e0 review KTDC IELTS. Nh\u1eefng b\u00e0i chia s\u1ebb, \u0111\u00e1nh gi\u00e1 sau khi c\u00e1c b\u1ea1n \u0111\u00e3 h\u1ecdc v\u00e0 \u0111\u1ea1t \u0111\u01b0\u1ee3c m\u1ee5c ti\u00eau IELTS nh\u01b0 \u00fd.\" \/>\n<meta property=\"og:url\" content=\"https:\/\/ktdcgroup.vn\/en\/ktdc-students\/\" \/>\n<meta property=\"og:site_name\" content=\"Trung t\u00e2m KTDC IELTS\" \/>\n<meta property=\"article:publisher\" content=\"https:\/\/www.facebook.com\/KTDCIELTS\/\" \/>\n<meta property=\"article:modified_time\" content=\"2024-12-16T12:49:19+00:00\" \/>\n<meta property=\"og:image\" content=\"https:\/\/ktdcgroup.vn\/wp-content\/uploads\/2020\/07\/video-3.jpg\" \/>\n\t<meta property=\"og:image:width\" content=\"135\" \/>\n\t<meta property=\"og:image:height\" content=\"76\" \/>\n\t<meta property=\"og:image:type\" content=\"image\/jpeg\" \/>\n<meta name=\"twitter:card\" content=\"summary_large_image\" \/>\n<meta name=\"twitter:label1\" content=\"Est. reading time\" \/>\n\t<meta name=\"twitter:data1\" content=\"1 minute\" \/>\n<script type=\"application\/ld+json\" class=\"yoast-schema-graph\">{\"@context\":\"https:\/\/schema.org\",\"@graph\":[{\"@type\":\"WebPage\",\"@id\":\"https:\/\/ktdcgroup.vn\/en\/ktdc-students\/\",\"url\":\"https:\/\/ktdcgroup.vn\/en\/ktdc-students\/\",\"name\":\"C\u1ea3m nh\u1eadn h\u1ecdc vi\u00ean, review v\u1ec1 Trung t\u00e2m KTDC IELTS\",\"isPartOf\":{\"@id\":\"https:\/\/ktdcgroup.vn\/#website\"},\"primaryImageOfPage\":{\"@id\":\"https:\/\/ktdcgroup.vn\/en\/ktdc-students\/#primaryimage\"},\"image\":{\"@id\":\"https:\/\/ktdcgroup.vn\/en\/ktdc-students\/#primaryimage\"},\"thumbnailUrl\":\"https:\/\/ktdcgroup.vn\/wp-content\/uploads\/2020\/07\/video-3.jpg\",\"datePublished\":\"2020-07-14T17:58:50+00:00\",\"dateModified\":\"2024-12-16T12:49:19+00:00\",\"description\":\"T\u1ed5ng h\u1ee3p nh\u1eefng c\u1ea3m nh\u1eadn h\u1ecdc vi\u00ean v\u00e0 review KTDC IELTS. Nh\u1eefng b\u00e0i chia s\u1ebb, \u0111\u00e1nh gi\u00e1 sau khi c\u00e1c b\u1ea1n \u0111\u00e3 h\u1ecdc v\u00e0 \u0111\u1ea1t \u0111\u01b0\u1ee3c m\u1ee5c ti\u00eau IELTS nh\u01b0 \u00fd.\",\"inLanguage\":\"en-US\",\"potentialAction\":[{\"@type\":\"ReadAction\",\"target\":[\"https:\/\/ktdcgroup.vn\/en\/ktdc-students\/\"]}]},{\"@type\":\"ImageObject\",\"inLanguage\":\"en-US\",\"@id\":\"https:\/\/ktdcgroup.vn\/en\/ktdc-students\/#primaryimage\",\"url\":\"https:\/\/ktdcgroup.vn\/wp-content\/uploads\/2020\/07\/video-3.jpg\",\"contentUrl\":\"https:\/\/ktdcgroup.vn\/wp-content\/uploads\/2020\/07\/video-3.jpg\",\"width\":135,\"height\":76},{\"@type\":\"WebSite\",\"@id\":\"https:\/\/ktdcgroup.vn\/#website\",\"url\":\"https:\/\/ktdcgroup.vn\/\",\"name\":\"Trung t\u00e2m KTDC IELTS\",\"description\":\"H\u1ecdc IELTS c\u00f9ng chuy\u00ean gia IELTS \u0111\u1ea7u ng\u00e0nh\",\"publisher\":{\"@id\":\"https:\/\/ktdcgroup.vn\/#organization\"},\"alternateName\":\"KTDC IELTS\",\"potentialAction\":[{\"@type\":\"SearchAction\",\"target\":{\"@type\":\"EntryPoint\",\"urlTemplate\":\"https:\/\/ktdcgroup.vn\/?s={search_term_string}\"},\"query-input\":{\"@type\":\"PropertyValueSpecification\",\"valueRequired\":true,\"valueName\":\"search_term_string\"}}],\"inLanguage\":\"en-US\"},{\"@type\":\"Organization\",\"@id\":\"https:\/\/ktdcgroup.vn\/#organization\",\"name\":\"Trung t\u00e2m KTDC IELTS\",\"alternateName\":\"KTDC IELTS\",\"url\":\"https:\/\/ktdcgroup.vn\/\",\"logo\":{\"@type\":\"ImageObject\",\"inLanguage\":\"en-US\",\"@id\":\"https:\/\/ktdcgroup.vn\/#\/schema\/logo\/image\/\",\"url\":\"https:\/\/ktdcgroup.vn\/wp-content\/uploads\/2025\/02\/logo-KTDC-IELTS.jpg\",\"contentUrl\":\"https:\/\/ktdcgroup.vn\/wp-content\/uploads\/2025\/02\/logo-KTDC-IELTS.jpg\",\"width\":1200,\"height\":1200,\"caption\":\"Trung t\u00e2m KTDC IELTS\"},\"image\":{\"@id\":\"https:\/\/ktdcgroup.vn\/#\/schema\/logo\/image\/\"},\"sameAs\":[\"https:\/\/www.facebook.com\/KTDCIELTS\/\",\"https:\/\/www.instagram.com\/ktdcgroup\/\",\"https:\/\/www.youtube.com\/c\/Ktdcgroupielts\/\"]}]}<\/script>\n<!-- \/ Yoast SEO plugin. -->","yoast_head_json":{"title":"C\u1ea3m nh\u1eadn h\u1ecdc vi\u00ean, review v\u1ec1 Trung t\u00e2m KTDC IELTS","description":"T\u1ed5ng h\u1ee3p nh\u1eefng c\u1ea3m nh\u1eadn h\u1ecdc vi\u00ean v\u00e0 review KTDC IELTS. Nh\u1eefng b\u00e0i chia s\u1ebb, \u0111\u00e1nh gi\u00e1 sau khi c\u00e1c b\u1ea1n \u0111\u00e3 h\u1ecdc v\u00e0 \u0111\u1ea1t \u0111\u01b0\u1ee3c m\u1ee5c ti\u00eau IELTS nh\u01b0 \u00fd.","robots":{"index":"index","follow":"follow","max-snippet":"max-snippet:-1","max-image-preview":"max-image-preview:large","max-video-preview":"max-video-preview:-1"},"canonical":"https:\/\/ktdcgroup.vn\/en\/ktdc-students\/","og_locale":"en_US","og_type":"article","og_title":"C\u1ea3m nh\u1eadn h\u1ecdc vi\u00ean, review v\u1ec1 Trung t\u00e2m KTDC IELTS","og_description":"T\u1ed5ng h\u1ee3p nh\u1eefng c\u1ea3m nh\u1eadn h\u1ecdc vi\u00ean v\u00e0 review KTDC IELTS. Nh\u1eefng b\u00e0i chia s\u1ebb, \u0111\u00e1nh gi\u00e1 sau khi c\u00e1c b\u1ea1n \u0111\u00e3 h\u1ecdc v\u00e0 \u0111\u1ea1t \u0111\u01b0\u1ee3c m\u1ee5c ti\u00eau IELTS nh\u01b0 \u00fd.","og_url":"https:\/\/ktdcgroup.vn\/en\/ktdc-students\/","og_site_name":"Trung t\u00e2m KTDC IELTS","article_publisher":"https:\/\/www.facebook.com\/KTDCIELTS\/","article_modified_time":"2024-12-16T12:49:19+00:00","og_image":[{"width":135,"height":76,"url":"https:\/\/ktdcgroup.vn\/wp-content\/uploads\/2020\/07\/video-3.jpg","type":"image\/jpeg"}],"twitter_card":"summary_large_image","twitter_misc":{"Est. reading time":"1 minute"},"schema":{"@context":"https:\/\/schema.org","@graph":[{"@type":"WebPage","@id":"https:\/\/ktdcgroup.vn\/en\/ktdc-students\/","url":"https:\/\/ktdcgroup.vn\/en\/ktdc-students\/","name":"C\u1ea3m nh\u1eadn h\u1ecdc vi\u00ean, review v\u1ec1 Trung t\u00e2m KTDC IELTS","isPartOf":{"@id":"https:\/\/ktdcgroup.vn\/#website"},"primaryImageOfPage":{"@id":"https:\/\/ktdcgroup.vn\/en\/ktdc-students\/#primaryimage"},"image":{"@id":"https:\/\/ktdcgroup.vn\/en\/ktdc-students\/#primaryimage"},"thumbnailUrl":"https:\/\/ktdcgroup.vn\/wp-content\/uploads\/2020\/07\/video-3.jpg","datePublished":"2020-07-14T17:58:50+00:00","dateModified":"2024-12-16T12:49:19+00:00","description":"T\u1ed5ng h\u1ee3p nh\u1eefng c\u1ea3m nh\u1eadn h\u1ecdc vi\u00ean v\u00e0 review KTDC IELTS. Nh\u1eefng b\u00e0i chia s\u1ebb, \u0111\u00e1nh gi\u00e1 sau khi c\u00e1c b\u1ea1n \u0111\u00e3 h\u1ecdc v\u00e0 \u0111\u1ea1t \u0111\u01b0\u1ee3c m\u1ee5c ti\u00eau IELTS nh\u01b0 \u00fd.","inLanguage":"en-US","potentialAction":[{"@type":"ReadAction","target":["https:\/\/ktdcgroup.vn\/en\/ktdc-students\/"]}]},{"@type":"ImageObject","inLanguage":"en-US","@id":"https:\/\/ktdcgroup.vn\/en\/ktdc-students\/#primaryimage","url":"https:\/\/ktdcgroup.vn\/wp-content\/uploads\/2020\/07\/video-3.jpg","contentUrl":"https:\/\/ktdcgroup.vn\/wp-content\/uploads\/2020\/07\/video-3.jpg","width":135,"height":76},{"@type":"WebSite","@id":"https:\/\/ktdcgroup.vn\/#website","url":"https:\/\/ktdcgroup.vn\/","name":"Trung t\u00e2m KTDC IELTS","description":"H\u1ecdc IELTS c\u00f9ng chuy\u00ean gia IELTS \u0111\u1ea7u ng\u00e0nh","publisher":{"@id":"https:\/\/ktdcgroup.vn\/#organization"},"alternateName":"KTDC IELTS","potentialAction":[{"@type":"SearchAction","target":{"@type":"EntryPoint","urlTemplate":"https:\/\/ktdcgroup.vn\/?s={search_term_string}"},"query-input":{"@type":"PropertyValueSpecification","valueRequired":true,"valueName":"search_term_string"}}],"inLanguage":"en-US"},{"@type":"Organization","@id":"https:\/\/ktdcgroup.vn\/#organization","name":"Trung t\u00e2m KTDC IELTS","alternateName":"KTDC IELTS","url":"https:\/\/ktdcgroup.vn\/","logo":{"@type":"ImageObject","inLanguage":"en-US","@id":"https:\/\/ktdcgroup.vn\/#\/schema\/logo\/image\/","url":"https:\/\/ktdcgroup.vn\/wp-content\/uploads\/2025\/02\/logo-KTDC-IELTS.jpg","contentUrl":"https:\/\/ktdcgroup.vn\/wp-content\/uploads\/2025\/02\/logo-KTDC-IELTS.jpg","width":1200,"height":1200,"caption":"Trung t\u00e2m KTDC IELTS"},"image":{"@id":"https:\/\/ktdcgroup.vn\/#\/schema\/logo\/image\/"},"sameAs":["https:\/\/www.facebook.com\/KTDCIELTS\/","https:\/\/www.instagram.com\/ktdcgroup\/","https:\/\/www.youtube.com\/c\/Ktdcgroupielts\/"]}]}},"_links":{"self":[{"href":"https:\/\/ktdcgroup.vn\/en\/wp-json\/wp\/v2\/pages\/23420","targetHints":{"allow":["GET"]}}],"collection":[{"href":"https:\/\/ktdcgroup.vn\/en\/wp-json\/wp\/v2\/pages"}],"about":[{"href":"https:\/\/ktdcgroup.vn\/en\/wp-json\/wp\/v2\/types\/page"}],"author":[{"embeddable":true,"href":"https:\/\/ktdcgroup.vn\/en\/wp-json\/wp\/v2\/users\/6"}],"replies":[{"embeddable":true,"href":"https:\/\/ktdcgroup.vn\/en\/wp-json\/wp\/v2\/comments?post=23420"}],"version-history":[{"count":8,"href":"https:\/\/ktdcgroup.vn\/en\/wp-json\/wp\/v2\/pages\/23420\/revisions"}],"predecessor-version":[{"id":40691,"href":"https:\/\/ktdcgroup.vn\/en\/wp-json\/wp\/v2\/pages\/23420\/revisions\/40691"}],"wp:featuredmedia":[{"embeddable":true,"href":"https:\/\/ktdcgroup.vn\/en\/wp-json\/wp\/v2\/media\/22374"}],"wp:attachment":[{"href":"https:\/\/ktdcgroup.vn\/en\/wp-json\/wp\/v2\/media?parent=23420"}],"curies":[{"name":"wp","href":"https:\/\/api.w.org\/{rel}","templated":true}]}}