{"id":23415,"date":"2020-07-16T10:23:46","date_gmt":"2020-07-16T03:23:46","guid":{"rendered":"https:\/\/ktdcgroup.vn\/chuong-trinh-ielts\/"},"modified":"2025-07-29T12:06:26","modified_gmt":"2025-07-29T05:06:26","slug":"ielts-overview","status":"publish","type":"page","link":"https:\/\/ktdcgroup.vn\/en\/ielts-overview\/","title":{"rendered":"T\u1ed5ng quan ch\u01b0\u01a1ng tr\u00ecnh IELTS"},"content":{"rendered":"","protected":false},"excerpt":{"rendered":"","protected":false},"author":6,"featured_media":54325,"parent":0,"menu_order":0,"comment_status":"closed","ping_status":"closed","template":"page-template\/overview-ielts.php","meta":{"_acf_changed":false,"footnotes":""},"class_list":["post-23415","page","type-page","status-publish","has-post-thumbnail","hentry"],"acf":[],"yoast_head":"<!-- This site is optimized with the Yoast SEO plugin v26.8 - https:\/\/yoast.com\/product\/yoast-seo-wordpress\/ -->\n<title>KTDC IELTS Courses Ho Chi Minh<\/title>\n<meta name=\"description\" content=\"Ch\u01b0\u01a1ng tr\u00ecnh IELTS t\u1ea1i Trung t\u00e2m KTDC l\u00e0 h\u1ec7 th\u1ed1ng c\u00e1c kh\u00f3a h\u1ecdc IELTS level th\u1ea5p \u0111\u1ebfn cao l\u1ea5y h\u1ecdc vi\u00ean l\u00e0m trung t\u00e2m, \u0111\u01b0\u1ee3c c\u00e1 nh\u00e2n h\u00f3a, b\u00e1m s\u00e1t k\u00ec thi IELTS\" \/>\n<meta name=\"robots\" content=\"index, follow, max-snippet:-1, max-image-preview:large, max-video-preview:-1\" \/>\n<link rel=\"canonical\" href=\"https:\/\/ktdcgroup.vn\/en\/ielts-overview\/\" \/>\n<meta property=\"og:locale\" content=\"en_US\" \/>\n<meta property=\"og:type\" content=\"article\" \/>\n<meta property=\"og:title\" content=\"KTDC IELTS Courses Ho Chi Minh\" \/>\n<meta property=\"og:description\" content=\"Ch\u01b0\u01a1ng tr\u00ecnh IELTS t\u1ea1i Trung t\u00e2m KTDC l\u00e0 h\u1ec7 th\u1ed1ng c\u00e1c kh\u00f3a h\u1ecdc IELTS level th\u1ea5p \u0111\u1ebfn cao l\u1ea5y h\u1ecdc vi\u00ean l\u00e0m trung t\u00e2m, \u0111\u01b0\u1ee3c c\u00e1 nh\u00e2n h\u00f3a, b\u00e1m s\u00e1t k\u00ec thi IELTS\" \/>\n<meta property=\"og:url\" content=\"https:\/\/ktdcgroup.vn\/en\/ielts-overview\/\" \/>\n<meta property=\"og:site_name\" content=\"Trung t\u00e2m KTDC IELTS\" \/>\n<meta property=\"article:publisher\" content=\"https:\/\/www.facebook.com\/KTDCIELTS\/\" \/>\n<meta property=\"article:modified_time\" content=\"2025-07-29T05:06:26+00:00\" \/>\n<meta property=\"og:image\" content=\"https:\/\/ktdcgroup.vn\/wp-content\/uploads\/2025\/03\/giang-vien-ielts.png\" \/>\n\t<meta property=\"og:image:width\" content=\"800\" \/>\n\t<meta property=\"og:image:height\" content=\"500\" \/>\n\t<meta property=\"og:image:type\" content=\"image\/png\" \/>\n<meta name=\"twitter:card\" content=\"summary_large_image\" \/>\n<meta name=\"twitter:label1\" content=\"Est. reading time\" \/>\n\t<meta name=\"twitter:data1\" content=\"1 minute\" \/>\n<script type=\"application\/ld+json\" class=\"yoast-schema-graph\">{\"@context\":\"https:\/\/schema.org\",\"@graph\":[{\"@type\":\"WebPage\",\"@id\":\"https:\/\/ktdcgroup.vn\/en\/ielts-overview\/\",\"url\":\"https:\/\/ktdcgroup.vn\/en\/ielts-overview\/\",\"name\":\"KTDC IELTS Courses Ho Chi Minh\",\"isPartOf\":{\"@id\":\"https:\/\/ktdcgroup.vn\/#website\"},\"primaryImageOfPage\":{\"@id\":\"https:\/\/ktdcgroup.vn\/en\/ielts-overview\/#primaryimage\"},\"image\":{\"@id\":\"https:\/\/ktdcgroup.vn\/en\/ielts-overview\/#primaryimage\"},\"thumbnailUrl\":\"https:\/\/ktdcgroup.vn\/wp-content\/uploads\/2025\/03\/giang-vien-ielts.png\",\"datePublished\":\"2020-07-16T03:23:46+00:00\",\"dateModified\":\"2025-07-29T05:06:26+00:00\",\"description\":\"Ch\u01b0\u01a1ng tr\u00ecnh IELTS t\u1ea1i Trung t\u00e2m KTDC l\u00e0 h\u1ec7 th\u1ed1ng c\u00e1c kh\u00f3a h\u1ecdc IELTS level th\u1ea5p \u0111\u1ebfn cao l\u1ea5y h\u1ecdc vi\u00ean l\u00e0m trung t\u00e2m, \u0111\u01b0\u1ee3c c\u00e1 nh\u00e2n h\u00f3a, b\u00e1m s\u00e1t k\u00ec thi IELTS\",\"inLanguage\":\"en-US\",\"potentialAction\":[{\"@type\":\"ReadAction\",\"target\":[\"https:\/\/ktdcgroup.vn\/en\/ielts-overview\/\"]}]},{\"@type\":\"ImageObject\",\"inLanguage\":\"en-US\",\"@id\":\"https:\/\/ktdcgroup.vn\/en\/ielts-overview\/#primaryimage\",\"url\":\"https:\/\/ktdcgroup.vn\/wp-content\/uploads\/2025\/03\/giang-vien-ielts.png\",\"contentUrl\":\"https:\/\/ktdcgroup.vn\/wp-content\/uploads\/2025\/03\/giang-vien-ielts.png\",\"width\":800,\"height\":500},{\"@type\":\"WebSite\",\"@id\":\"https:\/\/ktdcgroup.vn\/#website\",\"url\":\"https:\/\/ktdcgroup.vn\/\",\"name\":\"Trung t\u00e2m KTDC IELTS\",\"description\":\"H\u1ecdc IELTS c\u00f9ng chuy\u00ean gia IELTS \u0111\u1ea7u ng\u00e0nh\",\"publisher\":{\"@id\":\"https:\/\/ktdcgroup.vn\/#organization\"},\"alternateName\":\"KTDC IELTS\",\"potentialAction\":[{\"@type\":\"SearchAction\",\"target\":{\"@type\":\"EntryPoint\",\"urlTemplate\":\"https:\/\/ktdcgroup.vn\/?s={search_term_string}\"},\"query-input\":{\"@type\":\"PropertyValueSpecification\",\"valueRequired\":true,\"valueName\":\"search_term_string\"}}],\"inLanguage\":\"en-US\"},{\"@type\":\"Organization\",\"@id\":\"https:\/\/ktdcgroup.vn\/#organization\",\"name\":\"Trung t\u00e2m KTDC IELTS\",\"alternateName\":\"KTDC IELTS\",\"url\":\"https:\/\/ktdcgroup.vn\/\",\"logo\":{\"@type\":\"ImageObject\",\"inLanguage\":\"en-US\",\"@id\":\"https:\/\/ktdcgroup.vn\/#\/schema\/logo\/image\/\",\"url\":\"https:\/\/ktdcgroup.vn\/wp-content\/uploads\/2025\/02\/logo-KTDC-IELTS.jpg\",\"contentUrl\":\"https:\/\/ktdcgroup.vn\/wp-content\/uploads\/2025\/02\/logo-KTDC-IELTS.jpg\",\"width\":1200,\"height\":1200,\"caption\":\"Trung t\u00e2m KTDC IELTS\"},\"image\":{\"@id\":\"https:\/\/ktdcgroup.vn\/#\/schema\/logo\/image\/\"},\"sameAs\":[\"https:\/\/www.facebook.com\/KTDCIELTS\/\",\"https:\/\/www.instagram.com\/ktdcgroup\/\",\"https:\/\/www.youtube.com\/c\/Ktdcgroupielts\/\"]}]}<\/script>\n<!-- \/ Yoast SEO plugin. -->","yoast_head_json":{"title":"KTDC IELTS Courses Ho Chi Minh","description":"Ch\u01b0\u01a1ng tr\u00ecnh IELTS t\u1ea1i Trung t\u00e2m KTDC l\u00e0 h\u1ec7 th\u1ed1ng c\u00e1c kh\u00f3a h\u1ecdc IELTS level th\u1ea5p \u0111\u1ebfn cao l\u1ea5y h\u1ecdc vi\u00ean l\u00e0m trung t\u00e2m, \u0111\u01b0\u1ee3c c\u00e1 nh\u00e2n h\u00f3a, b\u00e1m s\u00e1t k\u00ec thi IELTS","robots":{"index":"index","follow":"follow","max-snippet":"max-snippet:-1","max-image-preview":"max-image-preview:large","max-video-preview":"max-video-preview:-1"},"canonical":"https:\/\/ktdcgroup.vn\/en\/ielts-overview\/","og_locale":"en_US","og_type":"article","og_title":"KTDC IELTS Courses Ho Chi Minh","og_description":"Ch\u01b0\u01a1ng tr\u00ecnh IELTS t\u1ea1i Trung t\u00e2m KTDC l\u00e0 h\u1ec7 th\u1ed1ng c\u00e1c kh\u00f3a h\u1ecdc IELTS level th\u1ea5p \u0111\u1ebfn cao l\u1ea5y h\u1ecdc vi\u00ean l\u00e0m trung t\u00e2m, \u0111\u01b0\u1ee3c c\u00e1 nh\u00e2n h\u00f3a, b\u00e1m s\u00e1t k\u00ec thi IELTS","og_url":"https:\/\/ktdcgroup.vn\/en\/ielts-overview\/","og_site_name":"Trung t\u00e2m KTDC IELTS","article_publisher":"https:\/\/www.facebook.com\/KTDCIELTS\/","article_modified_time":"2025-07-29T05:06:26+00:00","og_image":[{"width":800,"height":500,"url":"https:\/\/ktdcgroup.vn\/wp-content\/uploads\/2025\/03\/giang-vien-ielts.png","type":"image\/png"}],"twitter_card":"summary_large_image","twitter_misc":{"Est. reading time":"1 minute"},"schema":{"@context":"https:\/\/schema.org","@graph":[{"@type":"WebPage","@id":"https:\/\/ktdcgroup.vn\/en\/ielts-overview\/","url":"https:\/\/ktdcgroup.vn\/en\/ielts-overview\/","name":"KTDC IELTS Courses Ho Chi Minh","isPartOf":{"@id":"https:\/\/ktdcgroup.vn\/#website"},"primaryImageOfPage":{"@id":"https:\/\/ktdcgroup.vn\/en\/ielts-overview\/#primaryimage"},"image":{"@id":"https:\/\/ktdcgroup.vn\/en\/ielts-overview\/#primaryimage"},"thumbnailUrl":"https:\/\/ktdcgroup.vn\/wp-content\/uploads\/2025\/03\/giang-vien-ielts.png","datePublished":"2020-07-16T03:23:46+00:00","dateModified":"2025-07-29T05:06:26+00:00","description":"Ch\u01b0\u01a1ng tr\u00ecnh IELTS t\u1ea1i Trung t\u00e2m KTDC l\u00e0 h\u1ec7 th\u1ed1ng c\u00e1c kh\u00f3a h\u1ecdc IELTS level th\u1ea5p \u0111\u1ebfn cao l\u1ea5y h\u1ecdc vi\u00ean l\u00e0m trung t\u00e2m, \u0111\u01b0\u1ee3c c\u00e1 nh\u00e2n h\u00f3a, b\u00e1m s\u00e1t k\u00ec thi IELTS","inLanguage":"en-US","potentialAction":[{"@type":"ReadAction","target":["https:\/\/ktdcgroup.vn\/en\/ielts-overview\/"]}]},{"@type":"ImageObject","inLanguage":"en-US","@id":"https:\/\/ktdcgroup.vn\/en\/ielts-overview\/#primaryimage","url":"https:\/\/ktdcgroup.vn\/wp-content\/uploads\/2025\/03\/giang-vien-ielts.png","contentUrl":"https:\/\/ktdcgroup.vn\/wp-content\/uploads\/2025\/03\/giang-vien-ielts.png","width":800,"height":500},{"@type":"WebSite","@id":"https:\/\/ktdcgroup.vn\/#website","url":"https:\/\/ktdcgroup.vn\/","name":"Trung t\u00e2m KTDC IELTS","description":"H\u1ecdc IELTS c\u00f9ng chuy\u00ean gia IELTS \u0111\u1ea7u ng\u00e0nh","publisher":{"@id":"https:\/\/ktdcgroup.vn\/#organization"},"alternateName":"KTDC IELTS","potentialAction":[{"@type":"SearchAction","target":{"@type":"EntryPoint","urlTemplate":"https:\/\/ktdcgroup.vn\/?s={search_term_string}"},"query-input":{"@type":"PropertyValueSpecification","valueRequired":true,"valueName":"search_term_string"}}],"inLanguage":"en-US"},{"@type":"Organization","@id":"https:\/\/ktdcgroup.vn\/#organization","name":"Trung t\u00e2m KTDC IELTS","alternateName":"KTDC IELTS","url":"https:\/\/ktdcgroup.vn\/","logo":{"@type":"ImageObject","inLanguage":"en-US","@id":"https:\/\/ktdcgroup.vn\/#\/schema\/logo\/image\/","url":"https:\/\/ktdcgroup.vn\/wp-content\/uploads\/2025\/02\/logo-KTDC-IELTS.jpg","contentUrl":"https:\/\/ktdcgroup.vn\/wp-content\/uploads\/2025\/02\/logo-KTDC-IELTS.jpg","width":1200,"height":1200,"caption":"Trung t\u00e2m KTDC IELTS"},"image":{"@id":"https:\/\/ktdcgroup.vn\/#\/schema\/logo\/image\/"},"sameAs":["https:\/\/www.facebook.com\/KTDCIELTS\/","https:\/\/www.instagram.com\/ktdcgroup\/","https:\/\/www.youtube.com\/c\/Ktdcgroupielts\/"]}]}},"_links":{"self":[{"href":"https:\/\/ktdcgroup.vn\/en\/wp-json\/wp\/v2\/pages\/23415","targetHints":{"allow":["GET"]}}],"collection":[{"href":"https:\/\/ktdcgroup.vn\/en\/wp-json\/wp\/v2\/pages"}],"about":[{"href":"https:\/\/ktdcgroup.vn\/en\/wp-json\/wp\/v2\/types\/page"}],"author":[{"embeddable":true,"href":"https:\/\/ktdcgroup.vn\/en\/wp-json\/wp\/v2\/users\/6"}],"replies":[{"embeddable":true,"href":"https:\/\/ktdcgroup.vn\/en\/wp-json\/wp\/v2\/comments?post=23415"}],"version-history":[{"count":12,"href":"https:\/\/ktdcgroup.vn\/en\/wp-json\/wp\/v2\/pages\/23415\/revisions"}],"predecessor-version":[{"id":52238,"href":"https:\/\/ktdcgroup.vn\/en\/wp-json\/wp\/v2\/pages\/23415\/revisions\/52238"}],"wp:featuredmedia":[{"embeddable":true,"href":"https:\/\/ktdcgroup.vn\/en\/wp-json\/wp\/v2\/media\/54325"}],"wp:attachment":[{"href":"https:\/\/ktdcgroup.vn\/en\/wp-json\/wp\/v2\/media?parent=23415"}],"curies":[{"name":"wp","href":"https:\/\/api.w.org\/{rel}","templated":true}]}}